{"id":146,"date":"2009-11-03T22:16:05","date_gmt":"2009-11-03T22:16:05","guid":{"rendered":"http:\/\/www.ruegen-birkenhof.de\/wp\/?page_id=146"},"modified":"2019-03-13T11:06:22","modified_gmt":"2019-03-13T10:06:22","slug":"angebot-und-reservierung","status":"publish","type":"page","link":"https:\/\/www.ruegen-birkenhof.de\/?page_id=146","title":{"rendered":"Angebot und Reservierung"},"content":{"rendered":"<p style=\"text-align: justify;\">Sie haben mehrere M\u00f6glichkeiten, einfach und unkompliziert ein Zimmer oder Appartement im Hotel Birkenhof zu reservieren bzw. sich zun\u00e4chst ein unverbindliches Angebot zusenden zu lassen:<\/p>\n<p style=\"text-align: justify;\"><span style=\"text-decoration: underline;\">Unverbindliche Reservierungsanfrage<\/span><\/p>\n<p style=\"text-align: justify;\">In diesem Fall f\u00fcllen Sie unser <a title=\"Anfrage\/Buchungsformular\" href=\"http:\/\/www.ruegen-birkenhof.de\/wp\/?page_id=42\">Anfrageformular<\/a> aus, das anschlie\u00dfend automatisch an uns per E-Mail versendet wird. Sie erhalten daraufhin umgehend von uns ein unverbindliches Reservierungsangebot. Nat\u00fcrlich k\u00f6nnen Sie uns auch ohne Formular eine einfache E-Mail an ferien@birkenhof-ruegen.de oder ein Fax an (03 83 03) 8 63 20 senden.<\/p>\n<p style=\"text-align: justify;\"><span style=\"text-decoration: underline;\">Telefonische Reservierung<\/span><\/p>\n<p style=\"text-align: justify;\">Schnell und pers\u00f6nlicher geht es auch traditionell am Telefon.<br \/>\nUnter (03 83 03) 8 64 31 sind wir t\u00e4glich von 7 bis 22 Uhr da, um Ihre Buchungsw\u00fcnsche entgegen zu nehmen.<\/p>\n<p style=\"text-align: justify;\"><a title=\"Geschenkgutschein\" href=\"http:\/\/www.ruegen-birkenhof.de\/wp\/?page_id=122\"><span style=\"text-decoration: underline;\">Geschenkgutschein<\/span><\/a><\/p>\n<p style=\"text-align: justify;\">Verschenken Sie doch einfach einen Aufenthalt bei uns im Hotel Birkenhof. Entweder mit konkretem Termin, oder nur den Leistungsumfang und der Beschenkte reist nach seinem Wunschtermin. Sie k\u00f6nnen aber auch einen Wertgutschein in einer bestimmten H\u00f6he oder einfach nur ein romantisches Essen f\u00fcr zwei Personen verschenken. Wir beraten Sie gern!<\/p>\n","protected":false},"excerpt":{"rendered":"<p>Sie haben mehrere M\u00f6glichkeiten, einfach und unkompliziert ein Zimmer oder Appartement im Hotel Birkenhof zu reservieren bzw. sich zun\u00e4chst ein unverbindliches Angebot zusenden zu lassen: Unverbindliche Reservierungsanfrage In diesem Fall f\u00fcllen Sie unser Anfrageformular aus, das anschlie\u00dfend automatisch an uns<\/p>\n","protected":false},"author":1,"featured_media":0,"parent":0,"menu_order":4000,"comment_status":"closed","ping_status":"open","template":"","meta":{"ngg_post_thumbnail":0,"footnotes":""},"_links":{"self":[{"href":"https:\/\/www.ruegen-birkenhof.de\/index.php?rest_route=\/wp\/v2\/pages\/146"}],"collection":[{"href":"https:\/\/www.ruegen-birkenhof.de\/index.php?rest_route=\/wp\/v2\/pages"}],"about":[{"href":"https:\/\/www.ruegen-birkenhof.de\/index.php?rest_route=\/wp\/v2\/types\/page"}],"author":[{"embeddable":true,"href":"https:\/\/www.ruegen-birkenhof.de\/index.php?rest_route=\/wp\/v2\/users\/1"}],"replies":[{"embeddable":true,"href":"https:\/\/www.ruegen-birkenhof.de\/index.php?rest_route=%2Fwp%2Fv2%2Fcomments&post=146"}],"version-history":[{"count":2,"href":"https:\/\/www.ruegen-birkenhof.de\/index.php?rest_route=\/wp\/v2\/pages\/146\/revisions"}],"predecessor-version":[{"id":3037,"href":"https:\/\/www.ruegen-birkenhof.de\/index.php?rest_route=\/wp\/v2\/pages\/146\/revisions\/3037"}],"wp:attachment":[{"href":"https:\/\/www.ruegen-birkenhof.de\/index.php?rest_route=%2Fwp%2Fv2%2Fmedia&parent=146"}],"curies":[{"name":"wp","href":"https:\/\/api.w.org\/{rel}","templated":true}]}}