{"id":158,"date":"2009-11-04T07:15:49","date_gmt":"2009-11-04T07:15:49","guid":{"rendered":"http:\/\/www.ruegen-birkenhof.de\/wp\/?page_id=158"},"modified":"2025-04-20T13:59:12","modified_gmt":"2025-04-20T11:59:12","slug":"impressum","status":"publish","type":"page","link":"https:\/\/www.ruegen-birkenhof.de\/?page_id=158","title":{"rendered":"Impressum"},"content":{"rendered":"<h2>Impressum<\/h2>\n<p>Annett Schulze&nbsp;<br \/>\nBirkenallee 7<br \/>\nInsel R\u00fcgen<br \/>\n18586 Ostseebad Baabe<\/p>\n<p>Telefon: (03 83 03) 8 64 31<br \/>\nTelefax: (03 83 03) 8 63 20<br \/>\nE-Mail: <a href=\"mailto:ferien@birkenhof-ruegen.de\">ferien@birkenhof-ruegen.de<\/a><\/p>\n<p><strong>Vertreten durch:<\/strong><br \/>\nAnnett Schulze&nbsp;<\/p>\n<p><strong>Bildrechte:<\/strong><\/p>\n<p>Annett Schulze und Gerd Schulze<br \/>\n<a href=\"http:\/\/birkenhof-ruegen.de\">www.birkenhof-ruegen.de<\/a><\/p>\n<p>Matthias Scheibe<br \/>\n<a href=\"http:\/\/www.ruegen-einfach-buchen.de<br\" rel=\"nofollow\">www.ruegen-einfach-buchen.de<\/a><\/p>\n<p>Anne Bolinius<\/p>\n<p>&nbsp;<\/p>\n<p>&nbsp;<\/p>\n<p><iframe loading=\"lazy\" style=\"border: 0;\" src=\"https:\/\/www.google.com\/maps\/embed?pb=!1m18!1m12!1m3!1d2325.0003009577445!2d13.698263815876812!3d54.3569756802032!2m3!1f0!2f0!3f0!3m2!1i1024!2i768!4f13.1!3m3!1m2!1s0x0%3A0x8db5708b2371b44c!2sHotel+Birkenhof+Schulze+GbR!5e0!3m2!1sde!2sde!4v1553003635211\" width=\"600\" height=\"450\" frameborder=\"0\" allowfullscreen=\"allowfullscreen\"><\/iframe><\/p>\n<p>&nbsp;<\/p>\n<h2>Hinweis gem\u00e4\u00df Online-Streitbeilegungs-Verordnung<\/h2>\n<p>Nach geltendem Recht sind wir verpflichtet, Verbraucher auf die Existenz der Europ\u00e4ischen Online-Streitbeilegungs-Plattform hinzuweisen, die f\u00fcr die Beilegung von Streitigkeiten genutzt werden kann, ohne dass ein Gericht eingeschaltet werden muss. F\u00fcr die Einrichtung der Plattform ist die Europ\u00e4ische Kommission zust\u00e4ndig. Die Europ\u00e4ische Online-Streitbeilegungs-Plattform ist hier zu finden: <a href=\"http:\/\/ec.europa.eu\/odr\" target=\"_blank\" rel=\"nofollow noopener noreferrer\">http:\/\/ec.europa.eu\/odr<\/a>. Unsere E-Mail lautet: <a href=\"mailto: ferien@birkenhof-ruegen.de\"> ferien@birkenhof-ruegen.de<\/a><\/p>\n<p>Wir weisen aber darauf hin, dass wir nicht bereit sind, uns am Streitbeilegungsverfahren im Rahmen der Europ\u00e4ischen Online-Streitbeilegungs-Plattform zu beteiligen. Nutzen Sie zur Kontaktaufnahme bitte unsere obige E-Mail und Telefonnummer.<\/p>\n<p>Quelle: <a href=\"https:\/\/www.juraforum.de\/impressum-generator\/\">Impressum Muster von JuraForum.de<\/a><\/p>\n","protected":false},"excerpt":{"rendered":"<p>Impressum Annett Schulze&nbsp; Birkenallee 7 Insel R\u00fcgen 18586 Ostseebad Baabe Telefon: (03 83 03) 8 64 31 Telefax: (03 83 03) 8 63 20 E-Mail: ferien@birkenhof-ruegen.de Vertreten durch: Annett Schulze&nbsp; Bildrechte: Annett Schulze und Gerd Schulze www.birkenhof-ruegen.de Matthias Scheibe www.ruegen-einfach-buchen.de<\/p>\n","protected":false},"author":1,"featured_media":0,"parent":0,"menu_order":5000,"comment_status":"closed","ping_status":"open","template":"","meta":{"ngg_post_thumbnail":0,"footnotes":""},"_links":{"self":[{"href":"https:\/\/www.ruegen-birkenhof.de\/index.php?rest_route=\/wp\/v2\/pages\/158"}],"collection":[{"href":"https:\/\/www.ruegen-birkenhof.de\/index.php?rest_route=\/wp\/v2\/pages"}],"about":[{"href":"https:\/\/www.ruegen-birkenhof.de\/index.php?rest_route=\/wp\/v2\/types\/page"}],"author":[{"embeddable":true,"href":"https:\/\/www.ruegen-birkenhof.de\/index.php?rest_route=\/wp\/v2\/users\/1"}],"replies":[{"embeddable":true,"href":"https:\/\/www.ruegen-birkenhof.de\/index.php?rest_route=%2Fwp%2Fv2%2Fcomments&post=158"}],"version-history":[{"count":3,"href":"https:\/\/www.ruegen-birkenhof.de\/index.php?rest_route=\/wp\/v2\/pages\/158\/revisions"}],"predecessor-version":[{"id":3269,"href":"https:\/\/www.ruegen-birkenhof.de\/index.php?rest_route=\/wp\/v2\/pages\/158\/revisions\/3269"}],"wp:attachment":[{"href":"https:\/\/www.ruegen-birkenhof.de\/index.php?rest_route=%2Fwp%2Fv2%2Fmedia&parent=158"}],"curies":[{"name":"wp","href":"https:\/\/api.w.org\/{rel}","templated":true}]}}