{"id":164,"date":"2009-11-04T07:30:51","date_gmt":"2009-11-04T07:30:51","guid":{"rendered":"http:\/\/www.ruegen-birkenhof.de\/wp\/?page_id=164"},"modified":"2016-04-28T20:17:41","modified_gmt":"2016-04-28T18:17:41","slug":"prospekt","status":"publish","type":"page","link":"https:\/\/www.ruegen-birkenhof.de\/?page_id=164","title":{"rendered":"Prospekt"},"content":{"rendered":"<p style=\"text-align: justify;\"><img loading=\"lazy\" decoding=\"async\" class=\"alignright size-full wp-image-180\" style=\"border: 1px solid #009900; margin-left: 6px; margin-right: 6px;\" title=\"birkenhof-flyer\" src=\"http:\/\/www.ruegen-birkenhof.de\/wp\/wp-content\/uploads\/2009\/11\/birkenhof-flyer.jpg\" alt=\"birkenhof-flyer\" width=\"144\" height=\"306\" srcset=\"https:\/\/www.ruegen-birkenhof.de\/wp\/wp-content\/uploads\/2009\/11\/birkenhof-flyer.jpg 160w, https:\/\/www.ruegen-birkenhof.de\/wp\/wp-content\/uploads\/2009\/11\/birkenhof-flyer-141x300.jpg 141w\" sizes=\"(max-width: 144px) 100vw, 144px\" \/>Wir hoffen, dass Sie auf unserer Hompage alle Sie interessierenden<br \/>\nInformationen gefunden haben.<\/p>\n<p style=\"text-align: justify;\"><a title=\"PDF Flyer Hotel Birkenhof\" href=\"http:\/\/www.ruegen-birkenhof.de\/wp\/wp-content\/uploads\/2009\/11\/Flyer-Hotel-Birkenhof.pdf\" target=\"_blank\"><img loading=\"lazy\" decoding=\"async\" class=\"size-full wp-image-174 alignleft\" style=\"border: 0pt none; margin-left: 4px; margin-right: 4px;\" title=\"pdf-icon\" src=\"http:\/\/www.ruegen-birkenhof.de\/wp\/wp-content\/uploads\/2009\/11\/pdf-icon.png\" alt=\"pdf-icon\" width=\"45\" height=\"46\" \/><\/a>Bitte haben Sie daf\u00fcr Verst\u00e4ndnis, dass unser kleiner gedruckter Prospekt nur ein Teil dieser Informationen wiedergeben kann.<br \/>\nF\u00fcr den Fall, dass Sie diesen Prospekt dennoch in den H\u00e4nden halten m\u00f6chten, schicken wir Ihnen diesen auf Wunsch gerne zu.<br \/>\nBitte nutzen Sie nachfolgendes Eingabeformular oder klicken unsere Online-Version im pdf-Format (PDF Icon) an.<\/p>\n<p style=\"text-align: justify;\"><img loading=\"lazy\" decoding=\"async\" class=\"size-full wp-image-177 alignleft\" style=\"border: 0pt none; margin-left: 4px; margin-right: 4px;\" title=\"getacrobat\" src=\"http:\/\/www.ruegen-birkenhof.de\/wp\/wp-content\/uploads\/2009\/11\/getacrobat.gif\" alt=\"getacrobat\" width=\"88\" height=\"31\" \/>Zum Ausdrucken ist die Installation des Acrobat Readers erforderlich den Sie\u00a0 kostenlos auf der <a href=\"http:\/\/www.adobe.com\/de\/products\/acrobat\/readstep2.html\" target=\"_blank\">Adobe Homepage<\/a> downloaden k\u00f6nnen.<\/p>\n<p>&nbsp;<\/p>\n<p style=\"text-align: center;\"><a href=\"http:\/\/www.ruegen-birkenhof.de\/wp\/wp-content\/uploads\/2009\/11\/flyer-birkenhof.jpg\"><img loading=\"lazy\" decoding=\"async\" class=\"size-thumbnail wp-image-184 alignnone\" style=\"border: 1px solid #009900; margin-left: 6px; margin-right: 6px;\" title=\"flyer-birkenhof\" src=\"http:\/\/www.ruegen-birkenhof.de\/wp\/wp-content\/uploads\/2009\/11\/flyer-birkenhof-150x150.jpg\" alt=\"flyer-birkenhof\" width=\"150\" height=\"150\" \/><\/a><a href=\"http:\/\/www.ruegen-birkenhof.de\/wp\/wp-content\/uploads\/2009\/11\/flyer-birkenhof2.jpg\"><img loading=\"lazy\" decoding=\"async\" class=\"alignnone size-thumbnail wp-image-185\" style=\"border: 1px solid #009900; margin-left: 6px; margin-right: 6px;\" title=\"flyer-birkenhof2\" src=\"http:\/\/www.ruegen-birkenhof.de\/wp\/wp-content\/uploads\/2009\/11\/flyer-birkenhof2-150x150.jpg\" alt=\"flyer-birkenhof2\" width=\"150\" height=\"150\" \/><\/a><\/p>\n<p style=\"text-align: center;\"><img loading=\"lazy\" decoding=\"async\" class=\"alignnone size-full wp-image-736\" title=\"linie\" src=\"http:\/\/www.ruegen-birkenhof.de\/wp\/wp-content\/uploads\/2009\/11\/linie.png\" alt=\"linie\" width=\"400\" height=\"3\" srcset=\"https:\/\/www.ruegen-birkenhof.de\/wp\/wp-content\/uploads\/2009\/11\/linie.png 400w, https:\/\/www.ruegen-birkenhof.de\/wp\/wp-content\/uploads\/2009\/11\/linie-300x2.png 300w\" sizes=\"(max-width: 400px) 100vw, 400px\" \/><\/p>\n<p style=\"text-align: center;\">Prospekt-AnforderungsformularIhre Daten werden \u00fcber den Internetprovider 1und1 an uns weitergeleitet. Sofern keine gesetzlichen Aufbewahrungspflichten bestehen, werden Ihre Daten sofort gel\u00f6scht, sobald diese nicht mehr ben\u00f6tigt werden. Eine Nutzung zu einem anderen Zweck oder eine Datenweitergabe an Dritte findet nicht statt.<\/p>\n<form action=\"http:\/\/www.ekiwi-scripts.de\/form\/v28\/formmail.php\" enctype=\"multipart\/form-data\" method=\"post\"><input name=\"formid\" type=\"hidden\" value=\"6222734\" \/> <input name=\"settings\" type=\"hidden\" value=\"Y2Vicg==\" \/> <input name=\"redirect\" type=\"hidden\" value=\"src=\" \/> <input name=\"subject\" type=\"hidden\" value=\"Prospektanforderung\" \/> <input name=\"admin\" type=\"hidden\" value=\"cXJlfnJ5V3V+ZXxyeX94cTplYnJwcnk5c3I=\" \/> <input name=\"admin1\" type=\"hidden\" value=\"ZH50f3JlYnlwZHx4eWN4V3V+ZXxyeX94cTplYnJwcnk5c3I=\" \/> <input name=\"admin2\" type=\"hidden\" \/> <input name=\"typemail\" type=\"hidden\" value=\"html\" \/> <input name=\"crypt\" type=\"hidden\" value=\"1\" \/> <input name=\"einleittext\" type=\"hidden\" \/> <input name=\"copyfields\" type=\"hidden\" value=\"-1\" \/> <input name=\"copyip\" type=\"hidden\" value=\"-1\" \/> <input name=\"hide_empty_fields\" type=\"hidden\" value=\"0\" \/> <input name=\"settings_encoding\" type=\"hidden\" value=\"utf-8\" \/> <input name=\"ReturnToSender\" type=\"hidden\" value=\"-1\" \/><\/p>\n<table border=\"0\" width=\"500\" cellspacing=\"2\" cellpadding=\"3\" align=\"center\">\n<tbody>\n<tr>\n<td class=\"my\" align=\"right\" valign=\"top\">Anrede<\/td>\n<td class=\"my\"><input class=\"field\" name=\"FrauHerr\" type=\"radio\" value=\"Frau\" \/>Frau <input class=\"field\" name=\"frauherr\" type=\"radio\" value=\"Herr\" \/>Herr<\/td>\n<\/tr>\n<tr>\n<td class=\"my\" align=\"right\" valign=\"top\">Firma<\/td>\n<td class=\"my\"><input class=\"field\" maxlength=\"100\" name=\"firma\" size=\"20\" type=\"text\" \/><\/td>\n<\/tr>\n<tr>\n<td class=\"my\" align=\"right\" valign=\"top\">Name*<\/td>\n<td class=\"my\"><input class=\"field\" maxlength=\"200\" name=\"name\" size=\"20\" type=\"text\" \/><\/td>\n<\/tr>\n<tr>\n<td class=\"my\" align=\"right\" valign=\"top\">Vorname*<\/td>\n<td class=\"my\"><input class=\"field\" maxlength=\"200\" name=\"vorname\" size=\"20\" type=\"text\" \/><\/td>\n<\/tr>\n<tr>\n<td class=\"my\" align=\"right\" valign=\"top\">Stra\u00dfe\/Nr*<\/td>\n<td class=\"my\"><input id=\"strasse\" class=\"field\" maxlength=\"200\" name=\"strasse\" size=\"20\" type=\"text\" \/><\/td>\n<\/tr>\n<tr>\n<td class=\"my\" align=\"right\" valign=\"top\">PLZ\/Ort*<\/td>\n<td class=\"my\"><input id=\"plz\" class=\"field\" maxlength=\"200\" name=\"plz\" size=\"10\" type=\"text\" \/> <input id=\"ort\" class=\"field\" maxlength=\"200\" name=\"ort\" size=\"20\" type=\"text\" \/><\/td>\n<\/tr>\n<tr>\n<td class=\"my\" align=\"right\" valign=\"top\">Bemerkung<\/td>\n<td class=\"my\"><textarea id=\"bemerkung\" class=\"field\" cols=\"25\" name=\"bemerkung\" rows=\"6\"><\/textarea><\/td>\n<\/tr>\n<tr>\n<td class=\"my\" align=\"right\" valign=\"top\">*Pflichtfelder<\/td>\n<td class=\"my\"><\/td>\n<\/tr>\n<tr>\n<td class=\"my\" align=\"right\" valign=\"middle\">\n<p class=\"my\">Spam-Schutz<\/p>\n<\/td>\n<td class=\"my\" valign=\"middle\">\n<table border=\"0\" width=\"100%\" cellspacing=\"0\" cellpadding=\"0\">\n<tbody>\n<tr valign=\"middle\">\n<td width=\"20%\"><input class=\"field\" maxlength=\"5\" name=\"captcha_input\" size=\"10\" type=\"text\" \/><\/td>\n<td width=\"80%\"><img decoding=\"async\" src=\"http:\/\/www.ekiwi-scripts.de\/form\/v28\/formmail.php?action=captcha&amp;id=6222734\" alt=\"captcha\" border=\"1\" \/><\/td>\n<\/tr>\n<\/tbody>\n<\/table>\n<\/td>\n<\/tr>\n<tr>\n<td style=\"text-align: center;\" colspan=\"2\"><input name=\"next\" type=\"submit\" value=\"Absenden\" \/> <input name=\"next\" type=\"reset\" value=\"Zur\u00fccksetzen\" \/> <input class=\"button\" name=\"print\" type=\"button\" value=\"Drucken\" \/><\/td>\n<\/tr>\n<\/tbody>\n<\/table>\n<\/form>\n<p><!-- DAFORMJSBEGIN --><br \/>\n<script type=\"text\/javascript\">\/\/ <![CDATA[\n\/** * Gibt den Cookie zum \u00fcbergebenen Namen zur\u00fcck, sofern vorhanden * ansonsten wird ein leerer String zur\u00fcck gegeben *\/ function GetCookie(cookie_name) { if (document.cookie.length>0)\n\t\t  {\n\t\t  cookie_start=document.cookie.indexOf(cookie_name + \"=\");\n\t\t  if (cookie_start!=-1)\n\t\t    {\n\t\t    cookie_start=cookie_start + cookie_name.length+1;\n\t\t    cookie_end=document.cookie.indexOf(\";\",cookie_start);\n\t\t    if (cookie_end==-1) cookie_end=document.cookie.length;\n\t\t    return unescape(document.cookie.substring(cookie_start,cookie_end));\n\t\t    }\n\t\t  }\n\t\treturn \"\";\n\t}\n\n\t\/**\n\t* Setzt die Cookiewerte im Formular\n\t*\/\n\tfunction SetCookieValues()\n\t{\n\n\t}\n\n\t\/**\n\t*\tLiest die Informationen aus dem Formular und speichert diese\n\t*\/\n  function SetCookies()\n  {\n\n  }\n\/\/ ]]><\/script><\/p>\n<p><script type=\"text\/javascript\">\/\/ <![CDATA[\nfunction str_replace(search, replace, subject) { return subject.split(search).join(replace); }\n\/\/ ]]><\/script><\/p>\n<p><script type=\"text\/javascript\">\/\/ <![CDATA[\nfunction chkFormular() { if(document.DAFORM.Anreisedatum.value == \"\") { alert(\"Bitte tragen Sie das Anreisedatum ein.\"); document.DAFORM.Anreisedatum.focus(); return false; } if(document.DAFORM.Abreisedatum.value == \"\") { alert(\"Bitte tragen Sie ihr vorraussichtliches Abreisedatum ein.\"); document.DAFORM.Abreisedatum.focus(); return false; } if(document.DAFORM.name.value == \"\") { alert(\"Bitte tragen Sie Ihren Namen ein\"); document.DAFORM.name.focus(); return false; } if(!document.DAFORM.email.value.match(\/^[A-Z0-9._%-]+@[A-Z0-9.-]+\\.[A-Z]{2,6}$\/i)) { alert(\"Bitte \u00fcberpr\u00fcfen Sie ob Ihre E-Mail richtig angegeben ist\"); document.DAFORM.email.focus(); return false; } return(true); }\n\/\/ ]]><\/script><\/p>\n","protected":false},"excerpt":{"rendered":"<p>Wir hoffen, dass Sie auf unserer Hompage alle Sie interessierenden Informationen gefunden haben. Bitte haben Sie daf\u00fcr Verst\u00e4ndnis, dass unser kleiner gedruckter Prospekt nur ein Teil dieser Informationen wiedergeben kann. F\u00fcr den Fall, dass Sie diesen Prospekt dennoch in den<\/p>\n","protected":false},"author":1,"featured_media":0,"parent":0,"menu_order":5200,"comment_status":"open","ping_status":"open","template":"","meta":{"ngg_post_thumbnail":0,"footnotes":""},"_links":{"self":[{"href":"https:\/\/www.ruegen-birkenhof.de\/index.php?rest_route=\/wp\/v2\/pages\/164"}],"collection":[{"href":"https:\/\/www.ruegen-birkenhof.de\/index.php?rest_route=\/wp\/v2\/pages"}],"about":[{"href":"https:\/\/www.ruegen-birkenhof.de\/index.php?rest_route=\/wp\/v2\/types\/page"}],"author":[{"embeddable":true,"href":"https:\/\/www.ruegen-birkenhof.de\/index.php?rest_route=\/wp\/v2\/users\/1"}],"replies":[{"embeddable":true,"href":"https:\/\/www.ruegen-birkenhof.de\/index.php?rest_route=%2Fwp%2Fv2%2Fcomments&post=164"}],"version-history":[{"count":0,"href":"https:\/\/www.ruegen-birkenhof.de\/index.php?rest_route=\/wp\/v2\/pages\/164\/revisions"}],"wp:attachment":[{"href":"https:\/\/www.ruegen-birkenhof.de\/index.php?rest_route=%2Fwp%2Fv2%2Fmedia&parent=164"}],"curies":[{"name":"wp","href":"https:\/\/api.w.org\/{rel}","templated":true}]}}