{"id":197,"date":"2009-11-04T18:23:20","date_gmt":"2009-11-04T18:23:20","guid":{"rendered":"http:\/\/www.ruegen-birkenhof.de\/wp\/?page_id=197"},"modified":"2018-09-12T17:32:49","modified_gmt":"2018-09-12T15:32:49","slug":"wir-haben-wlan","status":"publish","type":"page","link":"https:\/\/www.ruegen-birkenhof.de\/?page_id=197","title":{"rendered":"Wir haben WLAN !"},"content":{"rendered":"<p style=\"text-align: justify;\"><img loading=\"lazy\" decoding=\"async\" class=\"size-full wp-image-198 alignleft\" style=\"border: 0pt none; margin-left: 6px; margin-right: 6px;\" title=\"computer_077\" src=\"http:\/\/www.ruegen-birkenhof.de\/wp\/wp-content\/uploads\/2009\/11\/computer_077.gif\" alt=\"computer_077\" width=\"202\" height=\"219\" \/>Viele unserer G\u00e4ste w\u00fcnschten sich auch im Urlaub online gehen zu k\u00f6nnen. Das ist selbstverst\u00e4ndlich m\u00f6glich, denn \u00fcber unser installiertes WLAN-System k\u00f6nnen Sie sich kostenlos mit Ihrem mobilen Endger\u00e4t im Internet einw\u00e4hlen, surfen und mailen. Seit Mai 2018 verf\u00fcgen wir \u00fcber Glasfaser und die Geschwindigkeit dadurch ist jetzt ein vielfaches schneller.<\/p>\n<p><img loading=\"lazy\" decoding=\"async\" class=\"alignnone size-full wp-image-201\" title=\"comput14\" src=\"http:\/\/www.ruegen-birkenhof.de\/wp\/wp-content\/uploads\/2009\/11\/comput14.gif\" alt=\"comput14\" width=\"377\" height=\"31\" srcset=\"https:\/\/www.ruegen-birkenhof.de\/wp\/wp-content\/uploads\/2009\/11\/comput14.gif 377w, https:\/\/www.ruegen-birkenhof.de\/wp\/wp-content\/uploads\/2009\/11\/comput14-300x24.gif 300w\" sizes=\"(max-width: 377px) 100vw, 377px\" \/><\/p>\n","protected":false},"excerpt":{"rendered":"<p>Viele unserer G\u00e4ste w\u00fcnschten sich auch im Urlaub online gehen zu k\u00f6nnen. Das ist selbstverst\u00e4ndlich m\u00f6glich, denn \u00fcber unser installiertes WLAN-System k\u00f6nnen Sie sich kostenlos mit Ihrem mobilen Endger\u00e4t im Internet einw\u00e4hlen, surfen und mailen. Seit Mai 2018 verf\u00fcgen wir<\/p>\n","protected":false},"author":1,"featured_media":0,"parent":0,"menu_order":6000,"comment_status":"closed","ping_status":"open","template":"","meta":{"ngg_post_thumbnail":0,"footnotes":""},"_links":{"self":[{"href":"https:\/\/www.ruegen-birkenhof.de\/index.php?rest_route=\/wp\/v2\/pages\/197"}],"collection":[{"href":"https:\/\/www.ruegen-birkenhof.de\/index.php?rest_route=\/wp\/v2\/pages"}],"about":[{"href":"https:\/\/www.ruegen-birkenhof.de\/index.php?rest_route=\/wp\/v2\/types\/page"}],"author":[{"embeddable":true,"href":"https:\/\/www.ruegen-birkenhof.de\/index.php?rest_route=\/wp\/v2\/users\/1"}],"replies":[{"embeddable":true,"href":"https:\/\/www.ruegen-birkenhof.de\/index.php?rest_route=%2Fwp%2Fv2%2Fcomments&post=197"}],"version-history":[{"count":0,"href":"https:\/\/www.ruegen-birkenhof.de\/index.php?rest_route=\/wp\/v2\/pages\/197\/revisions"}],"wp:attachment":[{"href":"https:\/\/www.ruegen-birkenhof.de\/index.php?rest_route=%2Fwp%2Fv2%2Fmedia&parent=197"}],"curies":[{"name":"wp","href":"https:\/\/api.w.org\/{rel}","templated":true}]}}