{"id":2,"date":"2010-11-02T07:27:17","date_gmt":"2010-11-02T06:27:17","guid":{"rendered":"http:\/\/www.ruegen-birkenhof.de\/wp\/?page_id=2"},"modified":"2023-01-11T14:26:24","modified_gmt":"2023-01-11T13:26:24","slug":"eine-seite","status":"publish","type":"page","link":"https:\/\/www.ruegen-birkenhof.de\/","title":{"rendered":"Herzlich willkommen bei uns im Hotel Birkenhof auf R\u00fcgen!"},"content":{"rendered":"<p style=\"text-align: justify;\"><img loading=\"lazy\" decoding=\"async\" class=\"alignright wp-image-3166 size-medium\" style=\"border: 1px solid #009900; margin-left: 6px; margin-right: 6px;\" title=\"schulze-hotel-birkenhof\" src=\"https:\/\/www.ruegen-birkenhof.de\/wp\/wp-content\/uploads\/2023\/01\/B-20-300x200.jpg\" alt=\"\" width=\"300\" height=\"200\" srcset=\"https:\/\/www.ruegen-birkenhof.de\/wp\/wp-content\/uploads\/2023\/01\/B-20-300x200.jpg 300w, https:\/\/www.ruegen-birkenhof.de\/wp\/wp-content\/uploads\/2023\/01\/B-20-1024x683.jpg 1024w, https:\/\/www.ruegen-birkenhof.de\/wp\/wp-content\/uploads\/2023\/01\/B-20-768x512.jpg 768w, https:\/\/www.ruegen-birkenhof.de\/wp\/wp-content\/uploads\/2023\/01\/B-20-1536x1024.jpg 1536w, https:\/\/www.ruegen-birkenhof.de\/wp\/wp-content\/uploads\/2023\/01\/B-20-2048x1365.jpg 2048w, https:\/\/www.ruegen-birkenhof.de\/wp\/wp-content\/uploads\/2023\/01\/B-20-360x240.jpg 360w\" sizes=\"(max-width: 300px) 100vw, 300px\" \/>Wir freuen uns sehr \u00fcber Ihr Interesse und danken Ihnen f\u00fcr Ihren Besuch auf unserer Homepage. Sie suchen einen Urlaubsplatz auf R\u00fcgen, der viel Ruhe, die N\u00e4he zum Ostseestrand und zur Natur, und ein leckeres Fr\u00fchst\u00fcck anbietet? Sie wohnen gern in einem kleinen, individuellen familiengef\u00fchrten Hotel mit liebenswerten Service, freundlichen Gastgebern? Dann sind Sie hier bei uns richtig.<\/p>\n<p style=\"text-align: justify;\">Auf den folgenden Seiten unserer Homepage haben wir f\u00fcr Sie viele Informationen und Bilder rund um den Urlaub im Hotel Birkenhof zusammengestellt. Dar\u00fcber hinaus beantworten wir nat\u00fcrlich sehr gern auch Ihre ganz speziellen Fragen!<\/p>\n<p style=\"text-align: justify;\">Wir w\u00fcrden uns sehr freuen, Sie bald bei uns pers\u00f6nlich begr\u00fc\u00dfen und als zufriedene G\u00e4ste wieder verabschieden zu k\u00f6nnen.<\/p>\n<p>&nbsp;<\/p>\n","protected":false},"excerpt":{"rendered":"<p>Wir freuen uns sehr \u00fcber Ihr Interesse und danken Ihnen f\u00fcr Ihren Besuch auf unserer Homepage. Sie suchen einen Urlaubsplatz auf R\u00fcgen, der viel Ruhe, die N\u00e4he zum Ostseestrand und zur Natur, und ein leckeres Fr\u00fchst\u00fcck anbietet? Sie wohnen gern<\/p>\n","protected":false},"author":1,"featured_media":0,"parent":0,"menu_order":1,"comment_status":"closed","ping_status":"open","template":"","meta":{"ngg_post_thumbnail":0,"footnotes":""},"_links":{"self":[{"href":"https:\/\/www.ruegen-birkenhof.de\/index.php?rest_route=\/wp\/v2\/pages\/2"}],"collection":[{"href":"https:\/\/www.ruegen-birkenhof.de\/index.php?rest_route=\/wp\/v2\/pages"}],"about":[{"href":"https:\/\/www.ruegen-birkenhof.de\/index.php?rest_route=\/wp\/v2\/types\/page"}],"author":[{"embeddable":true,"href":"https:\/\/www.ruegen-birkenhof.de\/index.php?rest_route=\/wp\/v2\/users\/1"}],"replies":[{"embeddable":true,"href":"https:\/\/www.ruegen-birkenhof.de\/index.php?rest_route=%2Fwp%2Fv2%2Fcomments&post=2"}],"version-history":[{"count":5,"href":"https:\/\/www.ruegen-birkenhof.de\/index.php?rest_route=\/wp\/v2\/pages\/2\/revisions"}],"predecessor-version":[{"id":3172,"href":"https:\/\/www.ruegen-birkenhof.de\/index.php?rest_route=\/wp\/v2\/pages\/2\/revisions\/3172"}],"wp:attachment":[{"href":"https:\/\/www.ruegen-birkenhof.de\/index.php?rest_route=%2Fwp%2Fv2%2Fmedia&parent=2"}],"curies":[{"name":"wp","href":"https:\/\/api.w.org\/{rel}","templated":true}]}}