{"id":203,"date":"2011-01-04T18:29:15","date_gmt":"2011-01-04T17:29:15","guid":{"rendered":"http:\/\/www.ruegen-birkenhof.de\/wp\/?page_id=203"},"modified":"2022-12-10T15:05:01","modified_gmt":"2022-12-10T14:05:01","slug":"silvester-angebot","status":"publish","type":"page","link":"https:\/\/www.ruegen-birkenhof.de\/?page_id=203","title":{"rendered":"Silvesterarrangement 2023\/2024"},"content":{"rendered":"<p style=\"text-align: left;\"><span style=\"text-decoration: underline;\"><img loading=\"lazy\" decoding=\"async\" class=\"size-full wp-image-212 alignleft\" style=\"border: 0pt none; margin-left: 6px; margin-right: 6px;\" title=\"feuerwerk\" src=\"http:\/\/www.ruegen-birkenhof.de\/wp\/wp-content\/uploads\/2009\/11\/feuerwerk.gif\" alt=\"feuerwerk\" width=\"130\" height=\"332\"><\/span>Genie\u00dfen Sie die Ruhe der winterlichen Ostsee zu<br \/>\n<strong>Silvester 2023 im Hotel Birkenhof <\/strong>auf R\u00fcgen.<\/p>\n<p style=\"text-align: left;\"><span style=\"text-decoration: underline;\">Unser Angebot f\u00fcr Sie:&nbsp;<\/span><\/p>\n<p style=\"text-align: left;\" align=\"center\">5 \u00dcbernachtungen inklusive unser individuell reichhaltiges Fr\u00fchst\u00fcck, eine Obstschale auf Ihrem Zimmer und am Neujahrsmorgen Sektfr\u00fchst\u00fcck<\/p>\n<p style=\"text-align: left;\" align=\"center\">f\u00fcr nur 530 Euro&nbsp; im Doppelzimmer komfort, f\u00fcr nur 580 Euro im Doppelzimmer mit Terrasse, f\u00fcr nur 700 Euro im kleinen Appartement, f\u00fcr nur 780 Euro im gro\u00dfen Appartement und f\u00fcr 880 Euro. Die Preise gelten f\u00fcr 2 Personen. Kinder bis 3 Jahre 10 Euro pro Tag, bis 10 Jahre 15 Euro pro Tag und ab 11 Jahre 25 Euro pro Tag.<\/p>\n<p align=\"center\">Haustiere auf Anfrage. Der Mindestaufenthalt betr\u00e4gt 5 \u00dcbernachtungen. F\u00fcr jede weitere \u00dcbernachtung erhalten Sie 10 % f\u00fcr diese Nacht<\/p>\n<p align=\"center\">&nbsp;<\/p>\n<p>&nbsp;<\/p>\n<p>Rufen Sie uns an, Telefon (03 83 03) 8 64 31 , senden Sie eine Mail an<br \/>\nferien@birkenhof-ruegen.de, oder nutzen Sie unser <a title=\"Kontaktformular-Arrangements\" href=\"http:\/\/www.ruegen-birkenhof.de\/wp\/?page_id=852\" target=\"_self\" rel=\"noopener noreferrer\">Kontaktformular<\/a>.<\/p>\n","protected":false},"excerpt":{"rendered":"<p>Genie\u00dfen Sie die Ruhe der winterlichen Ostsee zu Silvester 2023 im Hotel Birkenhof auf R\u00fcgen. Unser Angebot f\u00fcr Sie:&nbsp; 5 \u00dcbernachtungen inklusive unser individuell reichhaltiges Fr\u00fchst\u00fcck, eine Obstschale auf Ihrem Zimmer und am Neujahrsmorgen Sektfr\u00fchst\u00fcck f\u00fcr nur 530 Euro&nbsp; im<\/p>\n","protected":false},"author":1,"featured_media":0,"parent":0,"menu_order":6200,"comment_status":"closed","ping_status":"closed","template":"","meta":{"ngg_post_thumbnail":0,"footnotes":""},"_links":{"self":[{"href":"https:\/\/www.ruegen-birkenhof.de\/index.php?rest_route=\/wp\/v2\/pages\/203"}],"collection":[{"href":"https:\/\/www.ruegen-birkenhof.de\/index.php?rest_route=\/wp\/v2\/pages"}],"about":[{"href":"https:\/\/www.ruegen-birkenhof.de\/index.php?rest_route=\/wp\/v2\/types\/page"}],"author":[{"embeddable":true,"href":"https:\/\/www.ruegen-birkenhof.de\/index.php?rest_route=\/wp\/v2\/users\/1"}],"replies":[{"embeddable":true,"href":"https:\/\/www.ruegen-birkenhof.de\/index.php?rest_route=%2Fwp%2Fv2%2Fcomments&post=203"}],"version-history":[{"count":6,"href":"https:\/\/www.ruegen-birkenhof.de\/index.php?rest_route=\/wp\/v2\/pages\/203\/revisions"}],"predecessor-version":[{"id":3154,"href":"https:\/\/www.ruegen-birkenhof.de\/index.php?rest_route=\/wp\/v2\/pages\/203\/revisions\/3154"}],"wp:attachment":[{"href":"https:\/\/www.ruegen-birkenhof.de\/index.php?rest_route=%2Fwp%2Fv2%2Fmedia&parent=203"}],"curies":[{"name":"wp","href":"https:\/\/api.w.org\/{rel}","templated":true}]}}