{"id":230,"date":"2009-11-04T22:18:33","date_gmt":"2009-11-04T22:18:33","guid":{"rendered":"http:\/\/www.ruegen-birkenhof.de\/wp\/?page_id=230"},"modified":"2019-03-20T21:42:20","modified_gmt":"2019-03-20T20:42:20","slug":"anreisetipps","status":"publish","type":"page","link":"https:\/\/www.ruegen-birkenhof.de\/?page_id=230","title":{"rendered":"Anreisetipps"},"content":{"rendered":"<p><iframe loading=\"lazy\" style=\"border: 0;\" src=\"https:\/\/www.google.com\/maps\/embed?pb=!1m18!1m12!1m3!1d2325.0003009577445!2d13.698263815876812!3d54.3569756802032!2m3!1f0!2f0!3f0!3m2!1i1024!2i768!4f13.1!3m3!1m2!1s0x0%3A0x8db5708b2371b44c!2sHotel+Birkenhof+Schulze+GbR!5e0!3m2!1sde!2sde!4v1553003635211\" allowfullscreen=\"allowfullscreen\" width=\"600\" height=\"450\" frameborder=\"0\"><\/iframe><\/p>\n<p><span style=\"text-decoration: underline;\">Und so finden Sie uns:<\/span><\/p>\n<p style=\"text-align: justify;\"><a href=\"http:\/\/www.ruegen-birkenhof.de\/wp\/wp-content\/uploads\/2009\/11\/anreise-berlin.jpg\"><img loading=\"lazy\" decoding=\"async\" class=\"alignleft size-thumbnail wp-image-267\" style=\"border: 1px solid #009900; margin-left: 6px; margin-right: 6px;\" title=\"anreise-berlin\" src=\"http:\/\/www.ruegen-birkenhof.de\/wp\/wp-content\/uploads\/2009\/11\/anreise-berlin-150x150.jpg\" alt=\"anreise-berlin\" width=\"150\" height=\"150\"><\/a>Aus Richtung Berlin \u00fcber die A24 Richtung Rostock bis Autobahndreieck Wittstock. Hier weiter auf der A19 bis Autobahnkreuz Rostock. Weiter auf die neuerbaute A20 Richtung Stralsund\/R\u00fcgen fahren. Am Autobahndreieck \u201cB96n R\u00fcgenzubringer\u201d hinter Grimmen auf den vierspurigen R\u00fcgenzubringer abfahren, auf diesem gelangen Sie bis zum R\u00fcgendamm in Stralsund. \u00dcber die neue R\u00fcgenbr\u00fccke auf die Insel R\u00fcgen weiter auf der B96 Richtung Bergen. Kurz vor Bergen rechts auf die B196 Richtung Binz\/G\u00f6hren abbiegen und bis zum Ostseebad Baabe fahren. Hinter der Hauptkreuzung in die Birkenallee rechts einbiegen. 200 m weiter finden Sie unser Hotel.<\/p>\n<p><span style=\"text-decoration: underline;\">Aus Richtung Hamburg<\/span><\/p>\n<p style=\"text-align: justify;\"><a href=\"http:\/\/www.ruegen-birkenhof.de\/wp\/wp-content\/uploads\/2009\/11\/anreise-hamburg.jpg\"><img loading=\"lazy\" decoding=\"async\" class=\"alignleft size-thumbnail wp-image-268\" style=\"border: 1px solid #009900; margin-left: 6px; margin-right: 6px;\" title=\"anreise-hamburg\" src=\"http:\/\/www.ruegen-birkenhof.de\/wp\/wp-content\/uploads\/2009\/11\/anreise-hamburg-150x150.jpg\" alt=\"anreise-hamburg\" width=\"150\" height=\"150\"><\/a>\u2026\u2026\u00fcber die A1 bis Autobahnkreuz L\u00fcbeck. Dort auf die neuerbaute A20 bei Sch\u00f6nberg auffahren. Am Autobahndreieck \u201cB96n R\u00fcgenzubringer\u201d hinter Grimmen auf den vierspurigen R\u00fcgenzubringer abfahren, auf diesem gelangen Sie bis zum R\u00fcgendamm in Stralsund. \u00dcber die neue R\u00fcgenbr\u00fccke auf die Insel R\u00fcgen weiter auf der B96 Richtung Bergen. Kurz vor Bergen rechts auf die B196 Richtung Binz\/G\u00f6hren abbiegen und bis zum Ostseebad Baabe fahren.<\/p>\n<p style=\"text-align: justify;\">Hinter der Hauptkreuzung in die Birkenallee rechts einbiegen. 200 m weiter finden Sie unser Hotel.<\/p>\n<p><span style=\"text-decoration: underline;\">Vorsicht &#8211; Geschwindigkeits\u00fcberwachung<\/span><\/p>\n<ul>\n<li>hinter dem Ortseingang Samtens auf der B 96.<\/li>\n<li>auf der B 196 hinter dem Seramser Berg, kurz vor dem Abzweig nach Putbus.<\/li>\n<li>in der Ortsdurchfahrt Lancken-Granitz kurz vor Sellin.<\/li>\n<\/ul>\n<p><span style=\"text-decoration: underline;\">Glewitzer F\u00e4hre vom Festland auf die Insel R\u00fcgen<\/span><\/p>\n<p><a href=\"http:\/\/www.ruegen-birkenhof.de\/wp\/wp-content\/uploads\/2009\/11\/glewitz-faehre.jpg\"><img loading=\"lazy\" decoding=\"async\" class=\"alignnone wp-image-272 size-thumbnail\" style=\"border: 1px solid #009900; margin-left: 20px; margin-right: 20px;\" title=\"glewitz-faehre\" src=\"http:\/\/www.ruegen-birkenhof.de\/wp\/wp-content\/uploads\/2009\/11\/glewitz-faehre-150x150.jpg\" alt=\"glewitz-faehre\" width=\"150\" height=\"150\"><\/a><a href=\"http:\/\/www.ruegen-birkenhof.de\/wp\/wp-content\/uploads\/2009\/11\/faehre-glewitz.jpg\"><img loading=\"lazy\" decoding=\"async\" class=\"alignnone wp-image-273 size-thumbnail\" style=\"border: 1px solid #009900; margin-left: 6px; margin-right: 6px;\" title=\"faehre-glewitz\" src=\"http:\/\/www.ruegen-birkenhof.de\/wp\/wp-content\/uploads\/2009\/11\/faehre-glewitz-150x150.jpg\" alt=\"faehre-glewitz\" width=\"150\" height=\"150\"><\/a><\/p>\n<p>Die F\u00e4hrzeiten erhalten Sie <strong><a title=\"F\u00e4hrzeiten Glewitzer F\u00e4hre\" href=\"http:\/\/www.weisse-flotte.de\/main\/fahrplaene\/ruegenfaehre\/\" target=\"_blank\" rel=\"noopener noreferrer\">hier<\/a><\/strong><\/p>\n<p>&nbsp;<\/p>\n","protected":false},"excerpt":{"rendered":"<p>Und so finden Sie uns: Aus Richtung Berlin \u00fcber die A24 Richtung Rostock bis Autobahndreieck Wittstock. Hier weiter auf der A19 bis Autobahnkreuz Rostock. Weiter auf die neuerbaute A20 Richtung Stralsund\/R\u00fcgen fahren. Am Autobahndreieck \u201cB96n R\u00fcgenzubringer\u201d hinter Grimmen auf den<\/p>\n","protected":false},"author":1,"featured_media":0,"parent":0,"menu_order":5400,"comment_status":"closed","ping_status":"open","template":"","meta":{"ngg_post_thumbnail":0,"footnotes":""},"_links":{"self":[{"href":"https:\/\/www.ruegen-birkenhof.de\/index.php?rest_route=\/wp\/v2\/pages\/230"}],"collection":[{"href":"https:\/\/www.ruegen-birkenhof.de\/index.php?rest_route=\/wp\/v2\/pages"}],"about":[{"href":"https:\/\/www.ruegen-birkenhof.de\/index.php?rest_route=\/wp\/v2\/types\/page"}],"author":[{"embeddable":true,"href":"https:\/\/www.ruegen-birkenhof.de\/index.php?rest_route=\/wp\/v2\/users\/1"}],"replies":[{"embeddable":true,"href":"https:\/\/www.ruegen-birkenhof.de\/index.php?rest_route=%2Fwp%2Fv2%2Fcomments&post=230"}],"version-history":[{"count":1,"href":"https:\/\/www.ruegen-birkenhof.de\/index.php?rest_route=\/wp\/v2\/pages\/230\/revisions"}],"predecessor-version":[{"id":3043,"href":"https:\/\/www.ruegen-birkenhof.de\/index.php?rest_route=\/wp\/v2\/pages\/230\/revisions\/3043"}],"wp:attachment":[{"href":"https:\/\/www.ruegen-birkenhof.de\/index.php?rest_route=%2Fwp%2Fv2%2Fmedia&parent=230"}],"curies":[{"name":"wp","href":"https:\/\/api.w.org\/{rel}","templated":true}]}}