{"id":3179,"date":"2023-01-12T16:27:38","date_gmt":"2023-01-12T15:27:38","guid":{"rendered":"https:\/\/www.ruegen-birkenhof.de\/?page_id=3179"},"modified":"2023-01-12T17:03:53","modified_gmt":"2023-01-12T16:03:53","slug":"massagen","status":"publish","type":"page","link":"https:\/\/www.ruegen-birkenhof.de\/?page_id=3179","title":{"rendered":"Massagen"},"content":{"rendered":"<table style=\"background-color: #339900; height: 516px;\" width=\"511\" cellpadding=\"0\" border=\"0\">\n<tbody>\n<tr>\n<td style=\"background-color: #ffffcc;\" valign=\"top\">\n<p style=\"text-align: center;\">Klassische R\u00fcckenmassage<\/p>\n<\/td>\n<td style=\"text-align: center; background-color: #ffffff;\">20min<\/td>\n<td style=\"text-align: center; background-color: #ffffcc;\">25,-<\/td>\n<\/tr>\n<tr>\n<td style=\"background-color: #ffffcc;\" valign=\"top\">\n<p style=\"text-align: center;\">Klassische R\u00fcckenmassage<\/p>\n<\/td>\n<td style=\"text-align: center; background-color: #ffffff;\">30min<\/td>\n<td style=\"text-align: center; background-color: #ffffcc;\">35,-<\/td>\n<\/tr>\n<tr>\n<td style=\"background-color: #ffffcc;\" valign=\"top\">\n<p style=\"text-align: center;\">Schulter- Nackenmassage<\/p>\n<\/td>\n<td style=\"text-align: center; background-color: #ffffff;\">15min<\/td>\n<td style=\"text-align: center; background-color: #ffffcc;\">20,-<\/td>\n<\/tr>\n<tr>\n<td style=\"text-align: center; background-color: #ffffcc;\" valign=\"top\">\n<p style=\"text-align: center;\">Gesichtsmassage<\/p>\n<\/td>\n<td style=\"text-align: center; background-color: #ffffff;\">30min<\/td>\n<td style=\"text-align: center; background-color: #ffffcc;\">33,-<\/td>\n<\/tr>\n<tr>\n<td style=\"text-align: center; background-color: #ffffcc;\" valign=\"top\">Beinmassage<\/td>\n<td style=\"text-align: center; background-color: #ffffff;\">20min<\/td>\n<td style=\"text-align: center; background-color: #ffffcc;\">25,-<\/td>\n<\/tr>\n<tr>\n<td style=\"text-align: center; background-color: #ffffcc;\" valign=\"top\">\n<p style=\"text-align: center;\">Beinmassage<\/p>\n<\/td>\n<td style=\"text-align: center; background-color: #ffffff;\">30min<\/td>\n<td style=\"text-align: center; background-color: #ffffcc;\">35,-<\/td>\n<\/tr>\n<tr>\n<td style=\"text-align: center; background-color: #ffffcc;\" valign=\"top\">Fu\u00dfmassage<\/td>\n<td style=\"text-align: center; background-color: #ffffff;\">20min<\/td>\n<td style=\"text-align: center; background-color: #ffffcc;\">28,-<\/td>\n<\/tr>\n<tr>\n<td style=\"text-align: center; background-color: #ffffcc;\" valign=\"top\">Handmassage<\/td>\n<td style=\"text-align: center; background-color: #ffffff;\">15min<\/td>\n<td style=\"text-align: center; background-color: #ffffcc;\">18,-<\/td>\n<\/tr>\n<tr>\n<td style=\"text-align: center; background-color: #ffffcc;\" valign=\"top\">Ganzk\u00f6rpermassage<\/td>\n<td style=\"text-align: center; background-color: #ffffff;\">40min<\/td>\n<td style=\"text-align: center; background-color: #ffffcc;\">45,-<\/td>\n<\/tr>\n<tr>\n<td style=\"text-align: center; background-color: #ffffcc;\" valign=\"top\">Ganzk\u00f6rpermassage<\/td>\n<td style=\"text-align: center; background-color: #ffffff;\">60min<\/td>\n<td style=\"text-align: center; background-color: #ffffcc;\">65,-<\/td>\n<\/tr>\n<tr>\n<td style=\"text-align: center; background-color: #ffffcc;\" valign=\"top\">Aroma\u00f6lmassage<\/td>\n<td style=\"text-align: center; background-color: #ffffff;\">90min<\/td>\n<td style=\"text-align: center; background-color: #ffffcc;\">100,-<\/td>\n<\/tr>\n<tr>\n<td style=\"text-align: center; background-color: #ffffcc;\" valign=\"top\">Entspannungstherapie<\/td>\n<td style=\"text-align: center; background-color: #ffffff;\">45min<\/td>\n<td style=\"text-align: center; background-color: #ffffcc;\">20,-<\/td>\n<\/tr>\n<tr>\n<td style=\"text-align: center; background-color: #ffffcc;\" valign=\"top\">(PMR oder Autogenes Training<\/td>\n<td style=\"text-align: center; background-color: #ffffff;\">&nbsp;<\/td>\n<td style=\"text-align: center; background-color: #ffffcc;\">&nbsp;<\/td>\n<\/tr>\n<\/tbody>\n<\/table>\n","protected":false},"excerpt":{"rendered":"<p>Klassische R\u00fcckenmassage 20min 25,- Klassische R\u00fcckenmassage 30min 35,- Schulter- Nackenmassage 15min 20,- Gesichtsmassage 30min 33,- Beinmassage 20min 25,- Beinmassage 30min 35,- Fu\u00dfmassage 20min 28,- Handmassage 15min 18,- Ganzk\u00f6rpermassage 40min 45,- Ganzk\u00f6rpermassage 60min 65,- Aroma\u00f6lmassage 90min 100,- Entspannungstherapie 45min 20,- (PMR<\/p>\n","protected":false},"author":1,"featured_media":0,"parent":0,"menu_order":0,"comment_status":"closed","ping_status":"closed","template":"","meta":{"ngg_post_thumbnail":0,"footnotes":""},"_links":{"self":[{"href":"https:\/\/www.ruegen-birkenhof.de\/index.php?rest_route=\/wp\/v2\/pages\/3179"}],"collection":[{"href":"https:\/\/www.ruegen-birkenhof.de\/index.php?rest_route=\/wp\/v2\/pages"}],"about":[{"href":"https:\/\/www.ruegen-birkenhof.de\/index.php?rest_route=\/wp\/v2\/types\/page"}],"author":[{"embeddable":true,"href":"https:\/\/www.ruegen-birkenhof.de\/index.php?rest_route=\/wp\/v2\/users\/1"}],"replies":[{"embeddable":true,"href":"https:\/\/www.ruegen-birkenhof.de\/index.php?rest_route=%2Fwp%2Fv2%2Fcomments&post=3179"}],"version-history":[{"count":4,"href":"https:\/\/www.ruegen-birkenhof.de\/index.php?rest_route=\/wp\/v2\/pages\/3179\/revisions"}],"predecessor-version":[{"id":3191,"href":"https:\/\/www.ruegen-birkenhof.de\/index.php?rest_route=\/wp\/v2\/pages\/3179\/revisions\/3191"}],"wp:attachment":[{"href":"https:\/\/www.ruegen-birkenhof.de\/index.php?rest_route=%2Fwp%2Fv2%2Fmedia&parent=3179"}],"curies":[{"name":"wp","href":"https:\/\/api.w.org\/{rel}","templated":true}]}}