{"id":35,"date":"2009-11-02T20:00:34","date_gmt":"2009-11-02T20:00:34","guid":{"rendered":"http:\/\/www.ruegen-birkenhof.de\/wp\/?page_id=35"},"modified":"2022-12-10T16:10:25","modified_gmt":"2022-12-10T15:10:25","slug":"der-birkenhof-%e2%80%93-ihr-urlaubshotel-auf-rugen","status":"publish","type":"page","link":"https:\/\/www.ruegen-birkenhof.de\/?page_id=35","title":{"rendered":"Der Birkenhof \u2013 Ihr Urlaubshotel auf R\u00fcgen!"},"content":{"rendered":"<p style=\"text-align: justify;\"><a href=\"http:\/\/www.ruegen-birkenhof.de\/wp\/wp-content\/uploads\/2009\/11\/terasse-haus-birkenhof.jpg\"><img loading=\"lazy\" decoding=\"async\" class=\"size-thumbnail wp-image-382 alignleft\" style=\"border: 1px solid #009900; margin-left: 6px; margin-right: 6px;\" title=\"terasse-haus-birkenhof\" src=\"http:\/\/www.ruegen-birkenhof.de\/wp\/wp-content\/uploads\/2009\/11\/terasse-haus-birkenhof-150x150.jpg\" alt=\"terasse-haus-birkenhof\" width=\"150\" height=\"150\"><\/a>In unserem sehr famili\u00e4r und gastfreundlich gef\u00fchrten Hotel, bieten wir unseren G\u00e4sten 18 liebevoll und modern gestaltete Zimmer und Appartements mit einem leckeren Fr\u00fchst\u00fcck, zur Auswahl an.&nbsp; Unmittelbar am Hotel befinden sich&nbsp; Parkpl\u00e4tze f\u00fcr die Auto&#8216; s unserer G\u00e4ste. Diese kosten 3 Euro pro Tag. In den Hotelfluren finden sie eine Kaffeebar f\u00fcr leckeren Kaffee zwischendurch. Ein Restaurant haben wir leider nicht mehr.<\/p>\n<p style=\"text-align: justify;\"><a href=\"http:\/\/www.ruegen-birkenhof.de\/wp\/wp-content\/uploads\/2009\/11\/hotel-birkenhof-ruegen.jpg\"><img loading=\"lazy\" decoding=\"async\" class=\"size-thumbnail wp-image-20 alignright\" style=\"border: 1px solid #009900; margin-left: 6px; margin-right: 6px;\" title=\"hotel-birkenhof-ruegen\" src=\"http:\/\/www.ruegen-birkenhof.de\/wp\/wp-content\/uploads\/2009\/11\/hotel-birkenhof-ruegen-150x150.jpg\" alt=\"hotel-birkenhof-ruegen\" width=\"150\" height=\"150\"><\/a><\/p>\n<p>&nbsp;<\/p>\n<p style=\"text-align: justify;\">Au\u00dfer im Hochsommer bieten wir ab jetzt durch unsere Haus eigene Physiotherapeutin&nbsp; auch Wellness-, medizinische- &amp; Gruppenangebote an.<\/p>\n<p>Informieren Sie sich dazu auf unserer Wellnessangebotsseite. Buchen Sie diese vor Anreise und Sie erhalten 10 % Rabatt auf Ihre Anwendung!<\/p>\n<p>(Keine Rezeptbehandlungen aber gern Befundorientiert bei medizinischen Anwendungen)<\/p>\n<p style=\"text-align: justify;\">&nbsp;<\/p>\n","protected":false},"excerpt":{"rendered":"<p>In unserem sehr famili\u00e4r und gastfreundlich gef\u00fchrten Hotel, bieten wir unseren G\u00e4sten 18 liebevoll und modern gestaltete Zimmer und Appartements mit einem leckeren Fr\u00fchst\u00fcck, zur Auswahl an.&nbsp; Unmittelbar am Hotel befinden sich&nbsp; Parkpl\u00e4tze f\u00fcr die Auto&#8216; s unserer G\u00e4ste. Diese<\/p>\n","protected":false},"author":1,"featured_media":0,"parent":0,"menu_order":20,"comment_status":"closed","ping_status":"open","template":"","meta":{"ngg_post_thumbnail":0,"footnotes":""},"_links":{"self":[{"href":"https:\/\/www.ruegen-birkenhof.de\/index.php?rest_route=\/wp\/v2\/pages\/35"}],"collection":[{"href":"https:\/\/www.ruegen-birkenhof.de\/index.php?rest_route=\/wp\/v2\/pages"}],"about":[{"href":"https:\/\/www.ruegen-birkenhof.de\/index.php?rest_route=\/wp\/v2\/types\/page"}],"author":[{"embeddable":true,"href":"https:\/\/www.ruegen-birkenhof.de\/index.php?rest_route=\/wp\/v2\/users\/1"}],"replies":[{"embeddable":true,"href":"https:\/\/www.ruegen-birkenhof.de\/index.php?rest_route=%2Fwp%2Fv2%2Fcomments&post=35"}],"version-history":[{"count":6,"href":"https:\/\/www.ruegen-birkenhof.de\/index.php?rest_route=\/wp\/v2\/pages\/35\/revisions"}],"predecessor-version":[{"id":3158,"href":"https:\/\/www.ruegen-birkenhof.de\/index.php?rest_route=\/wp\/v2\/pages\/35\/revisions\/3158"}],"wp:attachment":[{"href":"https:\/\/www.ruegen-birkenhof.de\/index.php?rest_route=%2Fwp%2Fv2%2Fmedia&parent=35"}],"curies":[{"name":"wp","href":"https:\/\/api.w.org\/{rel}","templated":true}]}}