{"id":42,"date":"2009-11-02T20:08:05","date_gmt":"2009-11-02T20:08:05","guid":{"rendered":"http:\/\/www.ruegen-birkenhof.de\/wp\/?page_id=42"},"modified":"2019-03-03T16:09:13","modified_gmt":"2019-03-03T15:09:13","slug":"buchungsanfrage","status":"publish","type":"page","link":"https:\/\/www.ruegen-birkenhof.de\/?page_id=42","title":{"rendered":"Buchungsanfrage"},"content":{"rendered":"<p>Datenschutzhinweis zur Buchungsanfrage:<\/p>\n<p>Wenn Sie uns per Kontaktformular Anfragen \u00fcbersenden, werden alle Angaben aus dem Anfrageformular zum Zwecke der Bearbeitung und f\u00fcr den Fall von Anschlussfragen bei uns gespeichert. Diese Daten werden von uns nicht weitergegeben. Ebenfalls weisen wir darauf hin, dass die Daten\u00fcbertragung im Internet (z.B. bei der Kommunikation per E-Mail) Sicherheitsl\u00fccken aufweisen kann. Ein l\u00fcckenloser Schutz der Daten vor dem Zugriff durch Dritte ist nicht m\u00f6glich.<br \/>\nBitte lesen Sie auch unsere <a href=\"\/?page_id=1986\">Datenschutzhinweise<\/a> auf der Homepage.<\/p>\n<p><span style=\"color: #800000;\"><strong>Sie m\u00fcssen vor dem Absenden des Formulares best\u00e4tigen die Datenschutzhinweise gelesen zu haben.<\/strong><\/span><\/p>\n<p>* Pflichtfelder<\/p>\n<p>\u2014\u2014\u2014\u2014\u2014\u2014\u2014\u2014\u2014\u2014\u2014\u2014\u2014\u2014\u2014\u2014\u2014\u2014\u2014\u2014\u2014\u2014\u2014\u2014\u2014\u2014\u2014\u2014\u2014\u2014\u2014\u2013<\/p>\n\t\r\n\t\r\n\t\t\t\t\t\t<form  name= \"wpdevart_frontend_form_2\" id='wpdevart-forms-2' class=\"wpdevart-forms default-skin forms-general-styling\" method='post'  action='' enctype='multipart\/form-data'>\r\n\t\r\n\t\t\t\t\t\t                                            <!--bfh-number -->\r\n                                            <div class=\"wpdevart-input-field  input-date\">\r\n                                                 \r\n                                                        <label>Anreise<\/label>\r\n                                                        \r\n                                                <div class=\"input-date input-field-inner\">\r\n                                                    \r\n                                                    <input  type=\"text\"  \r\n                                                            id =\"input-field-17\"\r\n                                                            name=\"label_17\"   required                                                            value=\"\" class=\"form-control   date-picker\" \r\n                                                            placeholder=\"\" \r\n                                                             \r\n                                                           \/>\r\n                                                <\/div>\r\n                                            <\/div>\r\n\t\t\t\t\t\t\t\t\t\t                                            <!--bfh-number -->\r\n                                            <div class=\"wpdevart-input-field  input-date\">\r\n                                                 \r\n                                                        <label>Abreise<\/label>\r\n                                                        \r\n                                                <div class=\"input-date input-field-inner\">\r\n                                                    \r\n                                                    <input  type=\"text\"  \r\n                                                            id =\"input-field-18\"\r\n                                                            name=\"label_18\"   required                                                            value=\"\" class=\"form-control   date-picker\" \r\n                                                            placeholder=\"\" \r\n                                                             \r\n                                                           \/>\r\n                                                <\/div>\r\n                                            <\/div>\r\n\t\t\t\t\t\t\t\t\t\t<h3 class='wf-custom-heading'><\/h3>\t\t\t\t\t\t\t\t\t\t\t\t\t\t\t\t\t\t<div class=\"wpdevart-sub-fields\">\r\n\t\r\n\t\t\t\t\t\t\t\t\t \r\n\t\t\t\t\t\t\t\t\t\t\t<label>Zimmer<\/label>\r\n\t\t\t\t\t\t\t\t\t\t\r\n\t\t\t\t\t\t\t\t\t<div class=\"wpdevart-sub-fields-inner\">\r\n\t\t\t\t\t\t\t\t\t\t\t\t\t\t\t\t\t\t\t\t<span class=\"checkboxradios\">\r\n\t\t\t\t\t\t\t\t\t\t\t\t<input type=\"radio\"   name=\"sublabel_22[]\" id=\"sublabel_22_1\" value=\"Einzelzimmer\"  \/>\r\n                                                <label for=\"sublabel_22_1\"><span><\/span> Einzelzimmer<\/label>\r\n\t\t\t\t\t\t\t\t\t\t\t<\/span>\r\n\t\t\t\t\t\t\t\t\t\t\t\t\t\t\t\t\t\t\t\t\t\t<span class=\"checkboxradios\">\r\n\t\t\t\t\t\t\t\t\t\t\t\t<input type=\"radio\"   name=\"sublabel_22[]\" id=\"sublabel_22_2\" value=\"Kleines Doppelzimmer\"  \/>\r\n                                                <label for=\"sublabel_22_2\"><span><\/span> Kleines Doppelzimmer<\/label>\r\n\t\t\t\t\t\t\t\t\t\t\t<\/span>\r\n\t\t\t\t\t\t\t\t\t\t\t\t\t\t\t\t\t\t\t\t\t\t<span class=\"checkboxradios\">\r\n\t\t\t\t\t\t\t\t\t\t\t\t<input type=\"radio\"   name=\"sublabel_22[]\" id=\"sublabel_22_3\" value=\"Komfortables Doppelzimmer\"  \/>\r\n                                                <label for=\"sublabel_22_3\"><span><\/span> Komfortables Doppelzimmer<\/label>\r\n\t\t\t\t\t\t\t\t\t\t\t<\/span>\r\n\t\t\t\t\t\t\t\t\t\t\t\t\t\t\t\t\t\t\t\t\t\t<span class=\"checkboxradios\">\r\n\t\t\t\t\t\t\t\t\t\t\t\t<input type=\"radio\"   name=\"sublabel_22[]\" id=\"sublabel_22_4\" value=\"Doppelzimmer mit Terrasse\"  \/>\r\n                                                <label for=\"sublabel_22_4\"><span><\/span> Doppelzimmer mit Terrasse<\/label>\r\n\t\t\t\t\t\t\t\t\t\t\t<\/span>\r\n\t\t\t\t\t\t\t\t\t\t\t\t\t\t\t\t\t\t\t\t\t\t<span class=\"checkboxradios\">\r\n\t\t\t\t\t\t\t\t\t\t\t\t<input type=\"radio\"   name=\"sublabel_22[]\" id=\"sublabel_22_5\" value=\"Kleines Appartement\"  \/>\r\n                                                <label for=\"sublabel_22_5\"><span><\/span> Kleines Appartement<\/label>\r\n\t\t\t\t\t\t\t\t\t\t\t<\/span>\r\n\t\t\t\t\t\t\t\t\t\t\t\t\t\t\t\t\t\t\t\t\t\t<span class=\"checkboxradios\">\r\n\t\t\t\t\t\t\t\t\t\t\t\t<input type=\"radio\"   name=\"sublabel_22[]\" id=\"sublabel_22_6\" value=\"Gro\u00dfes Appartement\"  \/>\r\n                                                <label for=\"sublabel_22_6\"><span><\/span> Gro\u00dfes Appartement<\/label>\r\n\t\t\t\t\t\t\t\t\t\t\t<\/span>\r\n\t\t\t\t\t\t\t\t\t\t\t\t\t\t\t\t\t\t\t\t<\/div><\/div>\r\n\t\t\t\t\t\t\t\t\t                                            <!--bfh-number -->\r\n                                            <div class=\"wpdevart-input-field \">\r\n                                                 \r\n                                                        <label>Erwachsene<\/label>\r\n                                                        \r\n                                                <div class=\"input-text input-field-inner\">\r\n                                                    \r\n                                                    <input  type=\"text\"  \r\n                                                            id =\"input-field-23\"\r\n                                                            name=\"label_23\"   required                                                            value=\"\" class=\"form-control  \" \r\n                                                            placeholder=\"Anzahl der Erwachsenen\" \r\n                                                             \r\n                                                           \/>\r\n                                                <\/div>\r\n                                            <\/div>\r\n\t\t\t\t\t\t\t\t\t\t                                            <!--bfh-number -->\r\n                                            <div class=\"wpdevart-input-field \">\r\n                                                 \r\n                                                        <label>Kind\/er<\/label>\r\n                                                        \r\n                                                <div class=\"input-text input-field-inner\">\r\n                                                    \r\n                                                    <input  type=\"text\"  \r\n                                                            id =\"input-field-24\"\r\n                                                            name=\"label_24\"   required                                                            value=\"\" class=\"form-control  \" \r\n                                                            placeholder=\"Anzahl der Kinder\" \r\n                                                             \r\n                                                           \/>\r\n                                                <\/div>\r\n                                            <\/div>\r\n\t\t\t\t\t\t\t\t\t\t                                            <!--bfh-number -->\r\n                                            <div class=\"wpdevart-input-field \">\r\n                                                 \r\n                                                        <label>Alter des\/r Kindes\/r<\/label>\r\n                                                        \r\n                                                <div class=\"input-text input-field-inner\">\r\n                                                    \r\n                                                    <input  type=\"text\"  \r\n                                                            id =\"input-field-25\"\r\n                                                            name=\"label_25\"   required                                                            value=\"\" class=\"form-control  \" \r\n                                                            placeholder=\"mehrere Angaben bitte mit Komma trennen\" \r\n                                                             \r\n                                                           \/>\r\n                                                <\/div>\r\n                                            <\/div>\r\n\t\t\t\t\t\t\t\t\t\t\t\t\t\t\t\t\t\t\t\t\t\t<div class=\"separator-with-title\" >\r\n\t\t\t\t\t\t\t\t\t\t\t\t\t<h3 class=\"separator-before-after\"> <\/h3>\r\n\t\t\t\t\t\t\t\t\t\t\t\t<\/div>\r\n\t\t\t\t\t\t\t\t\t\t\t\t\t\t\t\t\t\t\t\t\t\t\t\t\t\t\t\t\t\t<div class=\"wpdevart-sub-fields\">\r\n\t\r\n\t\t\t\t\t\t\t\t\t \r\n\t\t\t\t\t\t\t\t\t\t\t<label>Anrede<\/label>\r\n\t\t\t\t\t\t\t\t\t\t\r\n\t\t\t\t\t\t\t\t\t<div class=\"wpdevart-sub-fields-inner\">\r\n\t\t\t\t\t\t\t\t\t\t\t\t\t\t\t\t\t\t\t\t<span class=\"checkboxradios\">\r\n\t\t\t\t\t\t\t\t\t\t\t\t<input type=\"radio\"   name=\"sublabel_27[]\" id=\"sublabel_27_1\" value=\"Herr\"  \/>\r\n                                                <label for=\"sublabel_27_1\"><span><\/span> Herr<\/label>\r\n\t\t\t\t\t\t\t\t\t\t\t<\/span>\r\n\t\t\t\t\t\t\t\t\t\t\t\t\t\t\t\t\t\t\t\t\t\t<span class=\"checkboxradios\">\r\n\t\t\t\t\t\t\t\t\t\t\t\t<input type=\"radio\"   name=\"sublabel_27[]\" id=\"sublabel_27_2\" value=\"Frau\"  \/>\r\n                                                <label for=\"sublabel_27_2\"><span><\/span> Frau<\/label>\r\n\t\t\t\t\t\t\t\t\t\t\t<\/span>\r\n\t\t\t\t\t\t\t\t\t\t\t\t\t\t\t\t\t\t\t\t<\/div><\/div>\r\n\t\t\t\t\t\t\t\t\t                                            <!--bfh-number -->\r\n                                            <div class=\"wpdevart-input-field \">\r\n                                                 \r\n                                                        <label>Name*<\/label>\r\n                                                        \r\n                                                <div class=\"input-text input-field-inner\">\r\n                                                    \r\n                                                    <input  type=\"text\"  \r\n                                                            id =\"input-field-28\"\r\n                                                            name=\"label_28\"   required                                                            value=\"\" class=\"form-control  \" \r\n                                                            placeholder=\"Nachname\" \r\n                                                             \r\n                                                           \/>\r\n                                                <\/div>\r\n                                            <\/div>\r\n\t\t\t\t\t\t\t\t\t\t                                            <!--bfh-number -->\r\n                                            <div class=\"wpdevart-input-field \">\r\n                                                 \r\n                                                        <label>Vorname*<\/label>\r\n                                                        \r\n                                                <div class=\"input-text input-field-inner\">\r\n                                                    \r\n                                                    <input  type=\"text\"  \r\n                                                            id =\"input-field-29\"\r\n                                                            name=\"label_29\"   required                                                            value=\"\" class=\"form-control  \" \r\n                                                            placeholder=\"Vorname\" \r\n                                                             \r\n                                                           \/>\r\n                                                <\/div>\r\n                                            <\/div>\r\n\t\t\t\t\t\t\t\t\t\t                                            <!--bfh-number -->\r\n                                            <div class=\"wpdevart-input-field \">\r\n                                                 \r\n                                                        <label>Telefon*<\/label>\r\n                                                        \r\n                                                <div class=\"input-tel input-field-inner\">\r\n                                                    \r\n                                                    <input  type=\"text\"  \r\n                                                            id =\"input-field-30\"\r\n                                                            name=\"label_30\"   required                                                            value=\"\" class=\"form-control phonenumber \" \r\n                                                            placeholder=\"Telefonnummer\" \r\n                                                             \r\n                                                           \/>\r\n                                                <\/div>\r\n                                            <\/div>\r\n\t\t\t\t\t\t\t\t\t\t                                            <!--bfh-number -->\r\n                                            <div class=\"wpdevart-input-field \">\r\n                                                 \r\n                                                        <label>e-Mail*<\/label>\r\n                                                        \r\n                                                <div class=\"input-email input-field-inner\">\r\n                                                    \r\n                                                    <input  type=\"email\"  \r\n                                                            id =\"input-field-31\"\r\n                                                            name=\"label_31\"   required                                                            value=\"\" class=\"form-control  \" \r\n                                                            placeholder=\"Mailadresse\" \r\n                                                             \r\n                                                           \/>\r\n                                                <\/div>\r\n                                            <\/div>\r\n\t\t\t\t\t\t\t\t\t\t\t\t\t\t\t\t\t\t\t<div class=\"wpdevart-textarea\">\r\n\t\t\t\t\t\t\t\t\t\t \r\n\t\t\t\t\t\t\t\t\t\t\t\t<label>Anmerkung <\/label> \r\n\t\t\t\t\t\t\t\t\t\t \r\n\t\t\t\t\t\t\t\t\t\t<textarea name=\"label_32\" placeholder=\"Hier ist Platz f\u00fcr eine Anmerkung zur Anfrage\"><\/textarea> \r\n\t\t\t\t\t\t\t\t\t<\/div>\r\n\t\t\t\t\t\t\t\t\t\t\t\t\t\t\t\t\t\t<div class=\"wpdevart-sub-fields\">\r\n\t\r\n\t\t\t\t\t\t\t\t\t \r\n\t\t\t\t\t\t\t\t\t\t\t<label>Datenschutz*<\/label>\r\n\t\t\t\t\t\t\t\t\t\t\r\n\t\t\t\t\t\t\t\t\t<div class=\"wpdevart-sub-fields-inner\">\r\n\t\t\t\t\t\t\t\t\t\t\t\t\t\t\t\t\t\t\t\t<span class=\"checkboxradios\">\r\n\t\t\t\t\t\t\t\t\t\t\t\t<input type=\"radio\"   name=\"sublabel_33[]\" id=\"sublabel_33_1\" value=\"Ich habe die Datenschutzbestimmungen gelesen und akzeptiere diese\"  \/>\r\n                                                <label for=\"sublabel_33_1\"><span><\/span> Ich habe die Datenschutzbestimmungen gelesen und akzeptiere diese<\/label>\r\n\t\t\t\t\t\t\t\t\t\t\t<\/span>\r\n\t\t\t\t\t\t\t\t\t\t\t\t\t\t\t\t\t\t\t\t<\/div><\/div>\r\n\t\t\t\t\t\t\t\t\t\t\t\t\t\t\t\r\n\t\t\t\t\t\t\t\t\t\t\t  <div class=\"wpdevart-input-field field-captcha\" style=\"margin-bottom:20px;\">\r\n\t\t\t\t\t\t\t\t\t\t\t\t<label>4  + 8 = ? <\/label>\r\n\t\t\t\t\t\t\t\t\t\t\t\t<div class=\"input-text input-field-inner\">\r\n\t\t\t\t\t\t\t\t\t\t\t\t\t<input type=\"text\"  name=\"submitedRecaptchaValue[]\" placeholder=\"Antwort - Rechenaufgabe\" required \/>\r\n\t\t\t\t\t\t\t\t\t\t\t\t\t<input type=\"hidden\" name=\"recaptchaSumValue[]\" value=\"12\" \/>\r\n                                                    <input type=\"hidden\" name=\"isCaptchaRequired[]\" value=\"1\" \/>\r\n\t\t\t\t\t\t\t\t\t\t\t\t<\/div>\r\n\t\t\t\t\t\t\t\t\t\t\t  <\/div>\r\n\t\t\t\t\t\t\t\t\t\t\t  \t\r\n   \r\n                   \r\n\t\t\t\t\t   \t\t\t\t\t\t<input type=\"hidden\" name=\"form_id\" value=\"2\" \/>  \r\n\t\t\t\t\t\t<!--<input type=\"submit\" value='Submit' id=\"btn_send_form_email_2\" name=\"btn_send_form_email\" \/>-->\r\n\t\t\t\t\t\t<button type=\"submit\" name=\"btn_send_form_email\" id=\"btn_send_form_email_2\" >Submit<\/button>\r\n\t\t\t\t\t\t                            <button type=\"reset\" name=\"reset\" class='ws-reset-form' data-attr='2'>Reset<\/button> \r\n                            \t\r\n\t\t\t\t\t  <span id=\"loader-icon-2\" style=\"display:none;\" class=\"form-loader\">\r\n\t\t\t\t\t\t<img decoding=\"async\" src=\"https:\/\/www.ruegen-birkenhof.de\/wp\/wp-content\/plugins\/contact-forms-builder\/\/assets\/images\/loader.gif\" \/>\r\n\t\t\t\t\t  <\/span>\r\n\t\r\n\t\t\t\t   <\/form>\r\n\t\r\n\t\t\t\t\t\t<div id=\"frontend_form_messages_2\" style=\"margin-top:10px; margin-bottom:10px;\"><\/div>\r\n\t\r\n\t\t\t\t   <script>\r\n\t\r\n\t\t\t\t\t\/\/ Document\r\n\t\t\t\t\tjQuery( document ).ready(function() {\r\n\t\t\t\t\t\t\/\/\tDon't submit form on enter, allow enter button only for texts\r\n\t\t\t\t\t\tjQuery(document).on(\"keypress\", \":input:not(textarea)\", function(event) {\r\n\t\t\t\t\t\t\treturn event.keyCode != 13;\r\n\t\t\t\t\t\t});\r\n\t\r\n\t\t\t\t\t\t\/\/ Do not use previous password saved in broswer for passowrd field\r\n\t\t\t\t\t\tjQuery(\"input[type='password']\").attr(\"autocomplete\", \"new-password\");\r\n\t\r\n\t\t\t\t\t\t\/\/handle form submission\r\n\t\t\t\t\t\t\/\/jQuery(\"form[name='wpdevart_frontend_form_2']\").submit(function(e){\r\n\t\t\t\t\t\tjQuery(document).on(\"submit\", \"form[name='wpdevart_frontend_form_2']\", function(e) {\r\n\t\t\t\t\t\t\t\/\/shortcode attributes e.g\r\n\t\t\t\t\t\t\tvar atts = {\"id\":\"2\"};\r\n\t\t\t\t\t\t\tvar options = { \r\n\t\t\t\t\t\t\t\t\/\/target:'#frontend_form_messages_2',   \/\/ target element(s) to be updated with server response \r\n\t\t\t\t\t\t\t\t\/\/ other available options: \r\n\t\t\t\t\t\t\t\t url:\"https:\/\/www.ruegen-birkenhof.de\/wp\/wp-admin\/admin-ajax.php\",        \/\/ override for form's 'action' attribute \r\n\t\t\t\t\t\t\t\t\/\/url:\"https:\/\/www.ruegen-birkenhof.de\/wp\/wp-content\/plugins\/contact-forms-builder\/check-ajax.php\",\r\n\t\t\t\t\t\t\t\tdata:{'btn_send_form_email':'1','process_ajax':'1','atts':JSON.stringify(atts),'action':'get_post_information'},\r\n\t\t\t\t\t\t\t\t\/\/type:      type        \/\/ 'get' or 'post', override for form's 'method' attribute \r\n\t\t\t\t\t\t\t\t\/\/dataType:  null        \/\/ 'xml', 'script', or 'json' (expected server response type) \r\n\t\t\t\t\t\t\t\t\/\/clearForm: true ,       \/\/ clear all form fields after successful submit \r\n\t\t\t\t\t\t\t\t\/\/resetForm: true  ,      \/\/ reset the form after successful submit \r\n\t\r\n\t\t\t\t\t\t\t\t\/\/ $.ajax options can be used here too, for example: \r\n\t\t\t\t\t\t\t\t\/\/timeout:   3000 \r\n\t\r\n\t\t\t\t\t\t\t\tbeforeSubmit: function() {\r\n\t\t\t\t\t\t\t\t\tjQuery(\"#loader-icon-2\").show();\r\n\t\t\t\t\t\t\t\t},\r\n\t\t\t\t\t\t\t\tsuccess:showResponse, \/\/ post-submit callback \r\n\t\t\t\t\t\t\t }; \r\n\t\r\n\t\t\t\t\t\t\t\/\/ inside event callbacks 'this' is the DOM element so we first \r\n\t\t\t\t\t\t\t\/\/ wrap it in a jQuery object and then invoke ajaxSubmit \r\n\t\t\t\t\t\t\tjQuery(this).ajaxSubmit(options); \r\n\t\r\n\t\t\t\t\t\t\t\/\/ !!! Important !!! \r\n\t\t\t\t\t\t\t\/\/ always return false to prevent standard browser submit and page navigation \r\n\t\t\t\t\t\t\treturn false; \r\n\t\t\t\t\t\t}); \r\n\t\r\n\t\r\n\t\t\t\t\t\tfunction showResponse(responseText, statusText, xhr, $form) {\r\n\t\t\t\t\t\t\tstr = responseText;\r\n\t\t\t\t\t\t\t\/\/replace first occurence \r\n\t\t\t\t\t\t\tstr = str.replace(\"successmsg_\", \" \"); \r\n\t\t\t\t\t\t\t\/\/ append response\r\n\t\r\n\t\t\t\t\t\t\tjQuery(\"#frontend_form_messages_2\").text(\" \");\r\n\t\t\t\t\t\t\tjQuery(\"#frontend_form_messages_2\").append(str);\r\n\t\t\t\t\t\t\tsetTimeout(function(){ \r\n\t\t\t\t\t\t\t\t\/\/jQuery(\"#frontend_form_messages_2 .success_message2\").fadeout(); \r\n\t\t\t\t\t\t\t\tjQuery(\"#frontend_form_messages_2 .success_message\").fadeOut();\r\n\t\t\t\t\t\t\t}, 5000);\r\n\t\r\n\t\t\t\t\t\t\t\/\/\tresponseText  , updates the div in target specified in options\r\n\t\t\t\t\t\t\tjQuery(\"#loader-icon-2\").hide();\r\n\t\r\n\t\t\t\t\t\t\tvar matched = responseText.search('successmsg_');\r\n\t\t\t\t\t\t\tif(matched != -1) {\r\n\t\r\n\t\t\t\t\t\t\t\tvar formId = \"2\";\r\n\t\t\t\t\t\t\t\t\r\n\t\r\n\t\t\t\t\t\t\t\tsetTimeout(function(){\r\n\t\t\t\t\t\t\t\t\t\t jQuery('#wpdevart-forms-2')[0].reset(); \r\n\t\t\t\t\t\t\t\t\t\t jQuery(\"#wpdevart-forms-\"+formId).each(function() {\r\n\t\t\t\t\t\t\t\t\t\t\t\r\n\t\t\t\t\t\t\t\t\t\t\t\r\n\t\t\t\t\t\t\t\t\t\t});\r\n\t\t\t\t\t\t\t\t },100);\r\n\t\t\t\t\t\t\t }\r\n\t\r\n\t\t\t\t\t\treturn false;\r\n\t\r\n\t\t\t\t\t\t}\r\n\t\t\t\t\t\tfunction showRequest() {\r\n\t\t\t\t\t\t\treturn false;\r\n\t\t\t\t\t\t}\r\n\t\r\n\t\t\t\t\t\tjQuery(document).on(\"click\",\"[type=reset].ws-reset-form\",function(e){\r\n\t\t\t\t\t\t\tformId= jQuery(this).attr('data-attr');\r\n\t\t\t\t\t\t\t\/\/reset\r\n\t\t\t\t\t\t\tjQuery(\"#wpdevart-forms-\"+formId).each(function(){\r\n\t\t\t\t\t\t\t\t\r\n\t\t\t\t\t\t\t\t\t\r\n\t\t\t\t\t\t\t\t\tjQuery(\"#wpdevart-forms-\"+formId)[0].reset();\r\n\t\t\t\t\t\t\t\t});\r\n\t\r\n\t\t\t\t\t\t\treturn false;\r\n\t\r\n\t\t\t\t\t\t});\r\n\t\t\t\t\t});\r\n\t\r\n\t\t\t\t\t<\/script>\r\n\t\t\t\t\n","protected":false},"excerpt":{"rendered":"<p>Datenschutzhinweis zur Buchungsanfrage: Wenn Sie uns per Kontaktformular Anfragen \u00fcbersenden, werden alle Angaben aus dem Anfrageformular zum Zwecke der Bearbeitung und f\u00fcr den Fall von Anschlussfragen bei uns gespeichert. Diese Daten werden von uns nicht weitergegeben. Ebenfalls weisen wir darauf<\/p>\n","protected":false},"author":1,"featured_media":0,"parent":0,"menu_order":180,"comment_status":"closed","ping_status":"open","template":"","meta":{"ngg_post_thumbnail":0,"footnotes":""},"_links":{"self":[{"href":"https:\/\/www.ruegen-birkenhof.de\/index.php?rest_route=\/wp\/v2\/pages\/42"}],"collection":[{"href":"https:\/\/www.ruegen-birkenhof.de\/index.php?rest_route=\/wp\/v2\/pages"}],"about":[{"href":"https:\/\/www.ruegen-birkenhof.de\/index.php?rest_route=\/wp\/v2\/types\/page"}],"author":[{"embeddable":true,"href":"https:\/\/www.ruegen-birkenhof.de\/index.php?rest_route=\/wp\/v2\/users\/1"}],"replies":[{"embeddable":true,"href":"https:\/\/www.ruegen-birkenhof.de\/index.php?rest_route=%2Fwp%2Fv2%2Fcomments&post=42"}],"version-history":[{"count":1,"href":"https:\/\/www.ruegen-birkenhof.de\/index.php?rest_route=\/wp\/v2\/pages\/42\/revisions"}],"predecessor-version":[{"id":2937,"href":"https:\/\/www.ruegen-birkenhof.de\/index.php?rest_route=\/wp\/v2\/pages\/42\/revisions\/2937"}],"wp:attachment":[{"href":"https:\/\/www.ruegen-birkenhof.de\/index.php?rest_route=%2Fwp%2Fv2%2Fmedia&parent=42"}],"curies":[{"name":"wp","href":"https:\/\/api.w.org\/{rel}","templated":true}]}}