{"id":45,"date":"2009-11-02T20:11:38","date_gmt":"2009-11-02T20:11:38","guid":{"rendered":"http:\/\/www.ruegen-birkenhof.de\/wp\/?page_id=45"},"modified":"2024-03-13T23:21:54","modified_gmt":"2024-03-13T22:21:54","slug":"komfortables-doppelzimmer","status":"publish","type":"page","link":"https:\/\/www.ruegen-birkenhof.de\/?page_id=45","title":{"rendered":"Komfortables Doppelzimmer"},"content":{"rendered":"<p style=\"text-align: justify;\"><a href=\"http:\/\/www.ruegen-birkenhof.de\/wp\/wp-content\/uploads\/2009\/11\/dz-12-birkenhof-ruegen.jpg\"><img loading=\"lazy\" decoding=\"async\" class=\"size-thumbnail wp-image-1895 alignleft\" style=\"border: 1px solid #009900; margin: 1px 10px;\" title=\"dz-12-birkenhof-ruegen\" src=\"http:\/\/www.ruegen-birkenhof.de\/wp\/wp-content\/uploads\/2009\/11\/dz-12-birkenhof-ruegen-150x150.jpg\" alt=\"\" width=\"150\" height=\"150\"><\/a>Unsere ruhig gelegenen komfortablen Doppelzimmer (20 qm) sind modern und liebevoll eingerichtet. Im Wohn-Schlafraum befinden sich wunderbar komfortable Betten mit Nachttischen und Leselampen, ein Kleiderschrank, ein K\u00fchlschrank, ein Flach-bild-TV (HD-Qualit\u00e4t), WLAN-Internet, St\u00fchle und ein kleiner Tisch. Das Bad ist mit einer neuen Dusche, Waschbecken und WC, sowie einem Haarf\u00f6hn, Duschgel, Seife und Kosmetikt\u00fcchern ausgestattet (auf Wunsch Bademantelservice einmalig 7,00 \u20ac p. P.). Am Morgen erwarten wir Sie zu einem reichhaltigem, individuellen Fr\u00fchst\u00fcck und wahlweise gekochtes Ei, Spiegelei oder R\u00fchrei von frischen Eiern f\u00fcr Sie frisch zubereitet.<\/p>\n<p><a href=\"http:\/\/www.ruegen-birkenhof.de\/wp\/wp-content\/uploads\/2009\/11\/dz-11birkenhof-ruegen.jpg\"><img loading=\"lazy\" decoding=\"async\" class=\"alignnone wp-image-1899 size-thumbnail\" style=\"border: 1px solid #009900;\" title=\"dz-11birkenhof-ruegen\" src=\"http:\/\/www.ruegen-birkenhof.de\/wp\/wp-content\/uploads\/2009\/11\/dz-11birkenhof-ruegen-150x150.jpg\" alt=\"\" width=\"150\" height=\"150\"><\/a> <a href=\"http:\/\/www.ruegen-birkenhof.de\/wp\/wp-content\/uploads\/2009\/11\/dz-06birkenhof-ruegen.jpg\"><img loading=\"lazy\" decoding=\"async\" class=\"alignnone wp-image-1898\" style=\"border: 1px solid #009900;\" title=\"dz-06birkenhof-ruegen\" src=\"http:\/\/www.ruegen-birkenhof.de\/wp\/wp-content\/uploads\/2009\/11\/dz-06birkenhof-ruegen-150x150.jpg\" alt=\"\" width=\"150\" height=\"150\"><\/a> <a href=\"http:\/\/www.ruegen-birkenhof.de\/wp\/wp-content\/uploads\/2009\/11\/dz-05-birkenhof-ruegen.jpg\"><img loading=\"lazy\" decoding=\"async\" class=\"alignnone wp-image-1897 size-thumbnail\" style=\"border: 1px solid #009900;\" title=\"dz-05-birkenhof-ruegen\" src=\"http:\/\/www.ruegen-birkenhof.de\/wp\/wp-content\/uploads\/2009\/11\/dz-05-birkenhof-ruegen-150x150.jpg\" alt=\"\" width=\"150\" height=\"150\"><\/a><\/p>\n<p><a href=\"http:\/\/www.ruegen-birkenhof.de\/wp\/wp-content\/uploads\/2009\/11\/dz-02-birkenhof-ruegen1.jpg\"><img loading=\"lazy\" decoding=\"async\" class=\"alignnone size-thumbnail wp-image-1896\" style=\"border: 1px solid #009900;\" title=\"dz-02-birkenhof-ruegen\" src=\"http:\/\/www.ruegen-birkenhof.de\/wp\/wp-content\/uploads\/2009\/11\/dz-02-birkenhof-ruegen1-150x150.jpg\" alt=\"\" width=\"150\" height=\"150\"><\/a> <a href=\"http:\/\/www.ruegen-birkenhof.de\/wp\/wp-content\/uploads\/2009\/11\/dz-k-3.jpg\"><img loading=\"lazy\" decoding=\"async\" class=\"alignnone size-thumbnail wp-image-304\" style=\"border: 1px solid #009900;\" title=\"dz-k-3\" src=\"http:\/\/www.ruegen-birkenhof.de\/wp\/wp-content\/uploads\/2009\/11\/dz-k-3-150x150.jpg\" alt=\"\" width=\"150\" height=\"150\"><\/a><\/p>\n<p style=\"text-align: center;\"><a href=\"http:\/\/www.ruegen-birkenhof.de\/wp\/wp-content\/uploads\/2009\/11\/bildansicht.png\"><img loading=\"lazy\" decoding=\"async\" class=\"alignnone wp-image-742\" style=\"border: 0px none;\" title=\"bildansicht\" src=\"http:\/\/www.ruegen-birkenhof.de\/wp\/wp-content\/uploads\/2009\/11\/bildansicht.png\" alt=\"\" width=\"277\" height=\"20\"><\/a><\/p>\n<p style=\"text-align: left;\"><img loading=\"lazy\" decoding=\"async\" class=\"alignnone size-thumbnail wp-image-736 aligncenter\" title=\"linie\" src=\"http:\/\/www.ruegen-birkenhof.de\/wp\/wp-content\/uploads\/2009\/11\/linie-150x3.png\" alt=\"linie\" width=\"400\" height=\"3\" srcset=\"https:\/\/www.ruegen-birkenhof.de\/wp\/wp-content\/uploads\/2009\/11\/linie-300x2.png 300w, https:\/\/www.ruegen-birkenhof.de\/wp\/wp-content\/uploads\/2009\/11\/linie.png 400w\" sizes=\"(max-width: 400px) 100vw, 400px\" \/><\/p>\n<p>&nbsp;<\/p>\n<p style=\"text-align: left;\"><a title=\"Buchungsanfrage\" href=\"http:\/\/www.ruegen-birkenhof.de\/wp\/?page_id=42\"><img loading=\"lazy\" decoding=\"async\" class=\"alignnone size-thumbnail wp-image-728\" style=\"border: 0pt none;\" title=\"buchungen\" src=\"http:\/\/www.ruegen-birkenhof.de\/wp\/wp-content\/uploads\/2009\/11\/buchungen-150x20.png\" alt=\"buchungen\" width=\"150\" height=\"20\" srcset=\"https:\/\/www.ruegen-birkenhof.de\/wp\/wp-content\/uploads\/2009\/11\/buchungen-150x20.png 150w, https:\/\/www.ruegen-birkenhof.de\/wp\/wp-content\/uploads\/2009\/11\/buchungen.png 155w\" sizes=\"(max-width: 150px) 100vw, 150px\" \/><\/a><img loading=\"lazy\" decoding=\"async\" class=\"alignnone size-full wp-image-30\" title=\"blind_10x10\" src=\"http:\/\/www.ruegen-birkenhof.de\/wp\/wp-content\/uploads\/2009\/11\/blind_10x10.gif\" alt=\"blind_10x10\" width=\"26\" height=\"19\"><a href=\"http:\/\/www.ruegen-birkenhof.de\/wp\/?page_id=103\"><img loading=\"lazy\" decoding=\"async\" class=\"alignnone size-full wp-image-730\" style=\"border: 0pt none;\" title=\"Preise\" src=\"http:\/\/www.ruegen-birkenhof.de\/wp\/wp-content\/uploads\/2009\/11\/preise.png\" alt=\"preise\" width=\"97\" height=\"20\"><\/a><\/p>\n","protected":false},"excerpt":{"rendered":"<p>Unsere ruhig gelegenen komfortablen Doppelzimmer (20 qm) sind modern und liebevoll eingerichtet. Im Wohn-Schlafraum befinden sich wunderbar komfortable Betten mit Nachttischen und Leselampen, ein Kleiderschrank, ein K\u00fchlschrank, ein Flach-bild-TV (HD-Qualit\u00e4t), WLAN-Internet, St\u00fchle und ein kleiner Tisch. Das Bad ist mit<\/p>\n","protected":false},"author":1,"featured_media":0,"parent":0,"menu_order":90,"comment_status":"closed","ping_status":"open","template":"","meta":{"ngg_post_thumbnail":0,"footnotes":""},"_links":{"self":[{"href":"https:\/\/www.ruegen-birkenhof.de\/index.php?rest_route=\/wp\/v2\/pages\/45"}],"collection":[{"href":"https:\/\/www.ruegen-birkenhof.de\/index.php?rest_route=\/wp\/v2\/pages"}],"about":[{"href":"https:\/\/www.ruegen-birkenhof.de\/index.php?rest_route=\/wp\/v2\/types\/page"}],"author":[{"embeddable":true,"href":"https:\/\/www.ruegen-birkenhof.de\/index.php?rest_route=\/wp\/v2\/users\/1"}],"replies":[{"embeddable":true,"href":"https:\/\/www.ruegen-birkenhof.de\/index.php?rest_route=%2Fwp%2Fv2%2Fcomments&post=45"}],"version-history":[{"count":2,"href":"https:\/\/www.ruegen-birkenhof.de\/index.php?rest_route=\/wp\/v2\/pages\/45\/revisions"}],"predecessor-version":[{"id":3242,"href":"https:\/\/www.ruegen-birkenhof.de\/index.php?rest_route=\/wp\/v2\/pages\/45\/revisions\/3242"}],"wp:attachment":[{"href":"https:\/\/www.ruegen-birkenhof.de\/index.php?rest_route=%2Fwp%2Fv2%2Fmedia&parent=45"}],"curies":[{"name":"wp","href":"https:\/\/api.w.org\/{rel}","templated":true}]}}