{"id":47,"date":"2009-11-02T20:13:52","date_gmt":"2009-11-02T20:13:52","guid":{"rendered":"http:\/\/www.ruegen-birkenhof.de\/wp\/?page_id=47"},"modified":"2024-03-13T23:25:00","modified_gmt":"2024-03-13T22:25:00","slug":"komfortables-doppelzimmer-mit-terrasse","status":"publish","type":"page","link":"https:\/\/www.ruegen-birkenhof.de\/?page_id=47","title":{"rendered":"Komfortables Doppelzimmer mit Terrasse"},"content":{"rendered":"<p style=\"text-align: justify;\">Unsere ruhig gelegenen komfortablen Doppelzimmer (25 qm) sind modern und liebevoll eingerichtet. Im Wohn-Schlafraum befinden sich wunderbar komfortable Betten mit Nachttischen und Leselampen, ein Kleiderschrank, ein K\u00fchlschrank, ein Flach bild-TV (HD-Qualit\u00e4t), WLAN-Internetzugang, Schreibtisch, Kofferablage, 1 Sessel, 1 Stuhl und ein kleiner Tisch. Das Bad ist mit einer&nbsp; Dusche, Waschbecken und WC, sowie einem Haarf\u00f6hn, Duschgel, Seife und Kosmetikt\u00fcchern ausgestattet (auf Wunsch Bademantelservice einmalig 7,00 \u20ac p. P.).<\/p>\n<p style=\"text-align: justify;\">Das Extra hier, sind die wundersch\u00f6nen Terrassen mit Sitzgelegenheiten zum Sonnen, Lesen oder einfach nur Entspannen an der frischen Ostseeluft mit Ausblick auf ein Altes Reed gedecktes Haus mit Garten. Am Morgen erwarten wir Sie zu einem reichhaltigem, individuellen Fr\u00fchst\u00fcck mit wahlweise gekochtem Ei, R\u00fchrei oder Spiegelei frisch f\u00fcr Sie zubereitet von frischen Eiern.<\/p>\n<p style=\"text-align: center;\"><a href=\"http:\/\/www.ruegen-birkenhof.de\/wp\/wp-content\/uploads\/2009\/11\/dz-terrasse-01-birkenhof.jpg\"><img loading=\"lazy\" decoding=\"async\" class=\"alignnone size-thumbnail wp-image-1904\" style=\"border: 1px solid #009900;\" title=\"dz-terrasse-01-birkenhof\" src=\"http:\/\/www.ruegen-birkenhof.de\/wp\/wp-content\/uploads\/2009\/11\/dz-terrasse-01-birkenhof-150x150.jpg\" alt=\"\" width=\"150\" height=\"150\"><\/a> <a href=\"http:\/\/www.ruegen-birkenhof.de\/wp\/wp-content\/uploads\/2009\/11\/dz-terrasse-02-birkenhof.jpg\"><img loading=\"lazy\" decoding=\"async\" class=\"alignnone size-thumbnail wp-image-1905\" style=\"border: 1px solid #009900;\" title=\"dz-terrasse-02-birkenhof\" src=\"http:\/\/www.ruegen-birkenhof.de\/wp\/wp-content\/uploads\/2009\/11\/dz-terrasse-02-birkenhof-150x150.jpg\" alt=\"\" width=\"150\" height=\"150\"><\/a> <a href=\"http:\/\/www.ruegen-birkenhof.de\/wp\/wp-content\/uploads\/2009\/11\/dz-terrasse-03-birkenhof.jpg\"><img loading=\"lazy\" decoding=\"async\" class=\"alignnone size-thumbnail wp-image-1906\" style=\"border: 1px solid #009900;\" title=\"dz-terrasse-03-birkenhof\" src=\"http:\/\/www.ruegen-birkenhof.de\/wp\/wp-content\/uploads\/2009\/11\/dz-terrasse-03-birkenhof-150x150.jpg\" alt=\"\" width=\"150\" height=\"150\"><\/a><\/p>\n<p style=\"text-align: center;\"><a href=\"http:\/\/www.ruegen-birkenhof.de\/wp\/wp-content\/uploads\/2009\/11\/dz-terrasse-05-birkenhof.jpg\"><img loading=\"lazy\" decoding=\"async\" class=\"alignnone size-thumbnail wp-image-1908\" style=\"border: 1px solid #009900;\" title=\"dz-terrasse-05-birkenhof\" src=\"http:\/\/www.ruegen-birkenhof.de\/wp\/wp-content\/uploads\/2009\/11\/dz-terrasse-05-birkenhof-150x150.jpg\" alt=\"\" width=\"150\" height=\"150\"><\/a> <a href=\"http:\/\/www.ruegen-birkenhof.de\/wp\/wp-content\/uploads\/2009\/11\/dz-terrasse-04-birkenhof.jpg\"><img loading=\"lazy\" decoding=\"async\" class=\"alignnone size-thumbnail wp-image-1907\" style=\"border: 1px solid #009900;\" title=\"dz-terrasse-04-birkenhof\" src=\"http:\/\/www.ruegen-birkenhof.de\/wp\/wp-content\/uploads\/2009\/11\/dz-terrasse-04-birkenhof-150x150.jpg\" alt=\"\" width=\"150\" height=\"150\"><\/a><\/p>\n<p style=\"text-align: center;\"><img loading=\"lazy\" decoding=\"async\" class=\"alignnone size-full wp-image-742\" title=\"bildansicht\" src=\"http:\/\/www.ruegen-birkenhof.de\/wp\/wp-content\/uploads\/2009\/11\/bildansicht.png\" alt=\"bildansicht\" width=\"277\" height=\"20\"><\/p>\n<p style=\"text-align: center;\"><img loading=\"lazy\" decoding=\"async\" class=\"alignnone size-thumbnail wp-image-736\" title=\"linie\" src=\"http:\/\/www.ruegen-birkenhof.de\/wp\/wp-content\/uploads\/2009\/11\/linie-150x3.png\" alt=\"linie\" width=\"400\" height=\"3\" srcset=\"https:\/\/www.ruegen-birkenhof.de\/wp\/wp-content\/uploads\/2009\/11\/linie-300x2.png 300w, https:\/\/www.ruegen-birkenhof.de\/wp\/wp-content\/uploads\/2009\/11\/linie.png 400w\" sizes=\"(max-width: 400px) 100vw, 400px\" \/><\/p>\n<p>&nbsp;<\/p>\n<p style=\"text-align: left;\"><a title=\"Buchungsanfrage\" href=\"http:\/\/www.ruegen-birkenhof.de\/wp\/?page_id=42\"><img loading=\"lazy\" decoding=\"async\" class=\"alignnone size-thumbnail wp-image-728\" style=\"border: 0pt none;\" title=\"buchungen\" src=\"http:\/\/www.ruegen-birkenhof.de\/wp\/wp-content\/uploads\/2009\/11\/buchungen-150x20.png\" alt=\"buchungen\" width=\"150\" height=\"20\" srcset=\"https:\/\/www.ruegen-birkenhof.de\/wp\/wp-content\/uploads\/2009\/11\/buchungen-150x20.png 150w, https:\/\/www.ruegen-birkenhof.de\/wp\/wp-content\/uploads\/2009\/11\/buchungen.png 155w\" sizes=\"(max-width: 150px) 100vw, 150px\" \/><\/a><img loading=\"lazy\" decoding=\"async\" class=\"alignnone size-full wp-image-30\" title=\"blind_10x10\" src=\"http:\/\/www.ruegen-birkenhof.de\/wp\/wp-content\/uploads\/2009\/11\/blind_10x10.gif\" alt=\"blind_10x10\" width=\"26\" height=\"19\"><a href=\"http:\/\/www.ruegen-birkenhof.de\/wp\/?page_id=103\"><img loading=\"lazy\" decoding=\"async\" class=\"alignnone size-full wp-image-730\" style=\"border: 0pt none;\" title=\"Preise\" src=\"http:\/\/www.ruegen-birkenhof.de\/wp\/wp-content\/uploads\/2009\/11\/preise.png\" alt=\"preise\" width=\"97\" height=\"20\"><\/a><\/p>\n","protected":false},"excerpt":{"rendered":"<p>Unsere ruhig gelegenen komfortablen Doppelzimmer (25 qm) sind modern und liebevoll eingerichtet. Im Wohn-Schlafraum befinden sich wunderbar komfortable Betten mit Nachttischen und Leselampen, ein Kleiderschrank, ein K\u00fchlschrank, ein Flach bild-TV (HD-Qualit\u00e4t), WLAN-Internetzugang, Schreibtisch, Kofferablage, 1 Sessel, 1 Stuhl und ein<\/p>\n","protected":false},"author":1,"featured_media":0,"parent":0,"menu_order":100,"comment_status":"closed","ping_status":"open","template":"","meta":{"ngg_post_thumbnail":0,"footnotes":""},"_links":{"self":[{"href":"https:\/\/www.ruegen-birkenhof.de\/index.php?rest_route=\/wp\/v2\/pages\/47"}],"collection":[{"href":"https:\/\/www.ruegen-birkenhof.de\/index.php?rest_route=\/wp\/v2\/pages"}],"about":[{"href":"https:\/\/www.ruegen-birkenhof.de\/index.php?rest_route=\/wp\/v2\/types\/page"}],"author":[{"embeddable":true,"href":"https:\/\/www.ruegen-birkenhof.de\/index.php?rest_route=\/wp\/v2\/users\/1"}],"replies":[{"embeddable":true,"href":"https:\/\/www.ruegen-birkenhof.de\/index.php?rest_route=%2Fwp%2Fv2%2Fcomments&post=47"}],"version-history":[{"count":2,"href":"https:\/\/www.ruegen-birkenhof.de\/index.php?rest_route=\/wp\/v2\/pages\/47\/revisions"}],"predecessor-version":[{"id":3244,"href":"https:\/\/www.ruegen-birkenhof.de\/index.php?rest_route=\/wp\/v2\/pages\/47\/revisions\/3244"}],"wp:attachment":[{"href":"https:\/\/www.ruegen-birkenhof.de\/index.php?rest_route=%2Fwp%2Fv2%2Fmedia&parent=47"}],"curies":[{"name":"wp","href":"https:\/\/api.w.org\/{rel}","templated":true}]}}