{"id":52,"date":"2009-11-02T20:30:32","date_gmt":"2009-11-02T20:30:32","guid":{"rendered":"http:\/\/www.ruegen-birkenhof.de\/wp\/?page_id=52"},"modified":"2024-03-13T23:27:24","modified_gmt":"2024-03-13T22:27:24","slug":"kleines-appartement","status":"publish","type":"page","link":"https:\/\/www.ruegen-birkenhof.de\/?page_id=52","title":{"rendered":"Kleines Appartement"},"content":{"rendered":"<p style=\"text-align: justify;\">Unser kleines Appartement (40 qm) ist modern und liebevoll f\u00fcr 4 G\u00e4ste eingerichtet. Im Wohnraum befinden sich eine Sitzgruppe mit Tisch und Leselampe, sowie ein Schrankbord mit einem Flach-bild-TV (HD-Qualit\u00e4t), K\u00fchlschrank und kostenloser WLAN-Internetzugang. Die Sitzgruppe kann f\u00fcr 2 G\u00e4ste bequem aufgebettet werden und trotzdem hat man eine zus\u00e4tzliche Sitzgruppe um zu verweilen. Im Schlafzimmer stehen ein komfortables Doppelbett mit Nachttischen und Leselampen sowie ein Kleiderschrank. Das Bad ist mit einer Dusche, Waschbecken und WC, sowie einem Haarf\u00f6hn, Duschgel, Seife und Kosmetikt\u00fcchern ausgestattet (auf Wunsch Bademantelservice einmalig 7,00 \u20ac p. P.). &nbsp;Bei Bedarf kann&nbsp; ein kleines Kinderreisebett f\u00fcr Kinder bis 3 Jahre f\u00fcr 10 Euro pro Tag aufgestellt werden. Weiterhin k\u00f6nnen im Wohnzimmer 2 Aufbettungen gestellt werden. Kosten entstehen bei Kindern bis 10 Jahren 15 Euro pro Kind und ab 11 Jahre und Erwachsene 25 Euro pro Tag inklusive Fr\u00fchst\u00fcck. Das Appartement wird auf Wunsch t\u00e4glich durch unsere Hausdamen gereinigt! Am Morgen erwarten wir Sie zu einem reichhaltigem, individuellen Fr\u00fchst\u00fcck mit wahlweise gekochtem Ei, R\u00fchrei oder Spiegelei frisch f\u00fcr Sie zubereitet von frischen Eiern.<\/p>\n<p>&nbsp;<\/p>\n<p><img loading=\"lazy\" decoding=\"async\" class=\" wp-image-2903 alignleft\" src=\"https:\/\/www.ruegen-birkenhof.de\/wp\/wp-content\/uploads\/2019\/03\/3-300x169.jpg\" alt=\"\" width=\"297\" height=\"167\" srcset=\"https:\/\/www.ruegen-birkenhof.de\/wp\/wp-content\/uploads\/2019\/03\/3-300x169.jpg 300w, https:\/\/www.ruegen-birkenhof.de\/wp\/wp-content\/uploads\/2019\/03\/3-624x351.jpg 624w, https:\/\/www.ruegen-birkenhof.de\/wp\/wp-content\/uploads\/2019\/03\/3.jpg 640w\" sizes=\"(max-width: 297px) 100vw, 297px\" \/><\/p>\n<p><img loading=\"lazy\" decoding=\"async\" class=\" wp-image-1747 alignleft\" style=\"margin-top: 0.857143rem; margin-right: 1.71429rem; margin-bottom: 0.857143rem;\" src=\"https:\/\/www.ruegen-birkenhof.de\/wp\/wp-content\/uploads\/2009\/11\/birkenhof-g-app-1-300x201.jpg\" alt=\"\" width=\"252\" height=\"169\" srcset=\"https:\/\/www.ruegen-birkenhof.de\/wp\/wp-content\/uploads\/2009\/11\/birkenhof-g-app-1-300x201.jpg 300w, https:\/\/www.ruegen-birkenhof.de\/wp\/wp-content\/uploads\/2009\/11\/birkenhof-g-app-1.jpg 900w\" sizes=\"(max-width: 252px) 100vw, 252px\" \/><\/p>\n<p style=\"text-align: center;\"><a href=\"http:\/\/www.ruegen-birkenhof.de\/wp\/wp-content\/uploads\/2009\/11\/app-III-3.jpg\"><img loading=\"lazy\" decoding=\"async\" class=\"alignnone size-thumbnail wp-image-324\" style=\"border: 1px solid #009900; margin-left: 6px; margin-right: 6px;\" title=\"app-III-3\" src=\"http:\/\/www.ruegen-birkenhof.de\/wp\/wp-content\/uploads\/2009\/11\/app-III-3-150x150.jpg\" alt=\"app-III-3\" width=\"135\" height=\"135\"><\/a><img loading=\"lazy\" decoding=\"async\" class=\"alignnone size-full wp-image-742\" style=\"font-size: 1rem;\" title=\"bildansicht\" src=\"http:\/\/www.ruegen-birkenhof.de\/wp\/wp-content\/uploads\/2009\/11\/bildansicht.png\" alt=\"bildansicht\" width=\"277\" height=\"20\"><img loading=\"lazy\" decoding=\"async\" class=\"alignnone size-thumbnail wp-image-736\" title=\"linie\" src=\"http:\/\/www.ruegen-birkenhof.de\/wp\/wp-content\/uploads\/2009\/11\/linie-150x3.png\" alt=\"linie\" width=\"400\" height=\"3\" srcset=\"https:\/\/www.ruegen-birkenhof.de\/wp\/wp-content\/uploads\/2009\/11\/linie-300x2.png 300w, https:\/\/www.ruegen-birkenhof.de\/wp\/wp-content\/uploads\/2009\/11\/linie.png 400w\" sizes=\"(max-width: 400px) 100vw, 400px\" \/><\/p>\n<p>&nbsp;<\/p>\n<p style=\"text-align: left;\"><a title=\"Buchungsanfrage\" href=\"http:\/\/www.ruegen-birkenhof.de\/wp\/?page_id=42\"><img loading=\"lazy\" decoding=\"async\" class=\"alignnone size-thumbnail wp-image-728\" style=\"border: 0pt none;\" title=\"buchungen\" src=\"http:\/\/www.ruegen-birkenhof.de\/wp\/wp-content\/uploads\/2009\/11\/buchungen-150x20.png\" alt=\"buchungen\" width=\"150\" height=\"20\" srcset=\"https:\/\/www.ruegen-birkenhof.de\/wp\/wp-content\/uploads\/2009\/11\/buchungen-150x20.png 150w, https:\/\/www.ruegen-birkenhof.de\/wp\/wp-content\/uploads\/2009\/11\/buchungen.png 155w\" sizes=\"(max-width: 150px) 100vw, 150px\" \/><\/a><img loading=\"lazy\" decoding=\"async\" class=\"alignnone size-full wp-image-30\" title=\"blind_10x10\" src=\"http:\/\/www.ruegen-birkenhof.de\/wp\/wp-content\/uploads\/2009\/11\/blind_10x10.gif\" alt=\"blind_10x10\" width=\"26\" height=\"19\"><a href=\"http:\/\/www.ruegen-birkenhof.de\/wp\/?page_id=103\"><img loading=\"lazy\" decoding=\"async\" class=\"alignnone size-full wp-image-730\" style=\"border: 0pt none;\" title=\"Preise\" src=\"http:\/\/www.ruegen-birkenhof.de\/wp\/wp-content\/uploads\/2009\/11\/preise.png\" alt=\"preise\" width=\"97\" height=\"20\"><\/a><\/p>\n","protected":false},"excerpt":{"rendered":"<p>Unser kleines Appartement (40 qm) ist modern und liebevoll f\u00fcr 4 G\u00e4ste eingerichtet. Im Wohnraum befinden sich eine Sitzgruppe mit Tisch und Leselampe, sowie ein Schrankbord mit einem Flach-bild-TV (HD-Qualit\u00e4t), K\u00fchlschrank und kostenloser WLAN-Internetzugang. Die Sitzgruppe kann f\u00fcr 2 G\u00e4ste<\/p>\n","protected":false},"author":1,"featured_media":2920,"parent":0,"menu_order":110,"comment_status":"closed","ping_status":"open","template":"","meta":{"ngg_post_thumbnail":0,"footnotes":""},"_links":{"self":[{"href":"https:\/\/www.ruegen-birkenhof.de\/index.php?rest_route=\/wp\/v2\/pages\/52"}],"collection":[{"href":"https:\/\/www.ruegen-birkenhof.de\/index.php?rest_route=\/wp\/v2\/pages"}],"about":[{"href":"https:\/\/www.ruegen-birkenhof.de\/index.php?rest_route=\/wp\/v2\/types\/page"}],"author":[{"embeddable":true,"href":"https:\/\/www.ruegen-birkenhof.de\/index.php?rest_route=\/wp\/v2\/users\/1"}],"replies":[{"embeddable":true,"href":"https:\/\/www.ruegen-birkenhof.de\/index.php?rest_route=%2Fwp%2Fv2%2Fcomments&post=52"}],"version-history":[{"count":4,"href":"https:\/\/www.ruegen-birkenhof.de\/index.php?rest_route=\/wp\/v2\/pages\/52\/revisions"}],"predecessor-version":[{"id":3245,"href":"https:\/\/www.ruegen-birkenhof.de\/index.php?rest_route=\/wp\/v2\/pages\/52\/revisions\/3245"}],"wp:featuredmedia":[{"embeddable":true,"href":"https:\/\/www.ruegen-birkenhof.de\/index.php?rest_route=\/wp\/v2\/media\/2920"}],"wp:attachment":[{"href":"https:\/\/www.ruegen-birkenhof.de\/index.php?rest_route=%2Fwp%2Fv2%2Fmedia&parent=52"}],"curies":[{"name":"wp","href":"https:\/\/api.w.org\/{rel}","templated":true}]}}