{"id":77,"date":"2009-11-02T21:06:58","date_gmt":"2009-11-02T21:06:58","guid":{"rendered":"http:\/\/www.ruegen-birkenhof.de\/wp\/?page_id=77"},"modified":"2010-02-22T10:12:33","modified_gmt":"2010-02-22T10:12:33","slug":"eine-insel-zum-erleben","status":"publish","type":"page","link":"https:\/\/www.ruegen-birkenhof.de\/?page_id=77","title":{"rendered":"Eine Insel zum erleben!"},"content":{"rendered":"<p style=\"text-align: justify;\">Die Insel R\u00fcgen bietet unseren G\u00e4sten ungez\u00e4hlte M\u00f6glichkeiten f\u00fcr einen unvergesslichen Aufenthalt. Sehensw\u00fcrdigkeiten, Museen, die unverbaute Natur und nat\u00fcrlich die Weite des Meeres faszinieren unsere G\u00e4ste immer wieder. Einige Beispiele haben wir f\u00fcr Sie als Anregung zusammengestellt:<\/p>\n<ul>\n<li> Kap Arkona mit seinen drei Leuchtt\u00fcrmen im Norden der Insel<a href=\"http:\/\/www.ruegen-birkenhof.de\/wp\/wp-content\/uploads\/2009\/11\/kaparcona.jpg\"> <\/a><a href=\"http:\/\/www.ruegen-birkenhof.de\/wp\/wp-content\/uploads\/2009\/11\/kaparcona.jpg\"><br \/>\n<img loading=\"lazy\" decoding=\"async\" class=\"alignnone size-thumbnail wp-image-441\" style=\"border: 1px solid #009900; margin-left: 3px; margin-right: 3px;\" title=\"kaparcona\" src=\"http:\/\/www.ruegen-birkenhof.de\/wp\/wp-content\/uploads\/2009\/11\/kaparcona-150x150.jpg\" alt=\"kaparcona\" width=\"135\" height=\"135\" \/><\/a> <a href=\"http:\/\/www.ruegen-birkenhof.de\/wp\/wp-content\/uploads\/2009\/11\/kaparcona1.jpg\"><img loading=\"lazy\" decoding=\"async\" class=\"alignnone size-thumbnail wp-image-442\" style=\"border: 1px solid #009900; margin-left: 3px; margin-right: 3px;\" title=\"kaparcona1\" src=\"http:\/\/www.ruegen-birkenhof.de\/wp\/wp-content\/uploads\/2009\/11\/kaparcona1-150x150.jpg\" alt=\"kaparcona1\" width=\"135\" height=\"135\" \/><\/a> <a href=\"http:\/\/www.ruegen-birkenhof.de\/wp\/wp-content\/uploads\/2009\/11\/kaparcona2.jpg\"><img loading=\"lazy\" decoding=\"async\" class=\"alignnone size-thumbnail wp-image-443\" style=\"border: 1px solid #009900; margin-left: 3px; margin-right: 3px;\" title=\"kaparcona2\" src=\"http:\/\/www.ruegen-birkenhof.de\/wp\/wp-content\/uploads\/2009\/11\/kaparcona2-150x150.jpg\" alt=\"kaparcona2\" width=\"135\" height=\"135\" \/><\/a><\/li>\n<li> Besuch in der f\u00fcrstlichen Residenzstadt Putbus mit Theater und Schlosspark<a href=\"http:\/\/www.ruegen-birkenhof.de\/wp\/wp-content\/uploads\/2009\/11\/puttbus.jpg\"><br \/>\n<img loading=\"lazy\" decoding=\"async\" class=\"alignnone size-thumbnail wp-image-448\" style=\"border: 1px solid #009900; margin-left: 3px; margin-right: 3px;\" title=\"puttbus\" src=\"http:\/\/www.ruegen-birkenhof.de\/wp\/wp-content\/uploads\/2009\/11\/puttbus-150x150.jpg\" alt=\"puttbus\" width=\"135\" height=\"135\" \/><\/a> <a href=\"http:\/\/www.ruegen-birkenhof.de\/wp\/wp-content\/uploads\/2009\/11\/puttbus1.jpg\"><img loading=\"lazy\" decoding=\"async\" class=\"alignnone size-thumbnail wp-image-449\" style=\"border: 1px solid #009900; margin-left: 3px; margin-right: 3px;\" title=\"puttbus1\" src=\"http:\/\/www.ruegen-birkenhof.de\/wp\/wp-content\/uploads\/2009\/11\/puttbus1-150x150.jpg\" alt=\"puttbus1\" width=\"135\" height=\"135\" \/><\/a> <a href=\"http:\/\/www.ruegen-birkenhof.de\/wp\/wp-content\/uploads\/2009\/11\/puttbus2.jpg\"><img loading=\"lazy\" decoding=\"async\" class=\"alignnone size-thumbnail wp-image-450\" style=\"border: 1px solid #009900; margin-left: 3px; margin-right: 3px;\" title=\"puttbus2\" src=\"http:\/\/www.ruegen-birkenhof.de\/wp\/wp-content\/uploads\/2009\/11\/puttbus2-150x150.jpg\" alt=\"puttbus2\" width=\"135\" height=\"135\" \/><\/a><\/li>\n<li> die Selliner Seebr\u00fccke mir Anlegesteg f\u00fcr Ausflugsschiffe<br \/>\n<a href=\"http:\/\/www.ruegen-birkenhof.de\/wp\/wp-content\/uploads\/2009\/11\/bad-sellin-1.jpg\"><img loading=\"lazy\" decoding=\"async\" class=\"alignnone size-thumbnail wp-image-454\" style=\"border: 1px solid #009900; margin-left: 3px; margin-right: 3px;\" title=\"bad-sellin-1\" src=\"http:\/\/www.ruegen-birkenhof.de\/wp\/wp-content\/uploads\/2009\/11\/bad-sellin-1-150x150.jpg\" alt=\"bad-sellin-1\" width=\"135\" height=\"135\" \/><\/a> <a href=\"http:\/\/www.ruegen-birkenhof.de\/wp\/wp-content\/uploads\/2009\/11\/bad-sellin-4.jpg\"><img loading=\"lazy\" decoding=\"async\" class=\"alignnone size-thumbnail wp-image-455\" style=\"border: 1px solid #009900; margin-left: 3px; margin-right: 3px;\" title=\"bad-sellin-4\" src=\"http:\/\/www.ruegen-birkenhof.de\/wp\/wp-content\/uploads\/2009\/11\/bad-sellin-4-150x150.jpg\" alt=\"bad-sellin-4\" width=\"135\" height=\"135\" \/><\/a> <a href=\"http:\/\/www.ruegen-birkenhof.de\/wp\/wp-content\/uploads\/2009\/11\/bad-sellin-3.jpg\"><img loading=\"lazy\" decoding=\"async\" class=\"alignnone size-thumbnail wp-image-456\" style=\"border: 1px solid #009900; margin-left: 3px; margin-right: 3px;\" title=\"bad-sellin-3\" src=\"http:\/\/www.ruegen-birkenhof.de\/wp\/wp-content\/uploads\/2009\/11\/bad-sellin-3-150x150.jpg\" alt=\"bad-sellin-3\" width=\"135\" height=\"135\" \/><\/a><\/li>\n<li> Schiffsfahrt mit einem Kutter vom Sassnitzer Hafen entlang der ber\u00fchmten Kreidefelsen<br \/>\n<a href=\"http:\/\/www.ruegen-birkenhof.de\/wp\/wp-content\/uploads\/2009\/11\/kreidefelsen.jpg\"><img loading=\"lazy\" decoding=\"async\" class=\"alignnone size-thumbnail wp-image-458\" style=\"border: 1px solid #009900; margin-left: 3px; margin-right: 3px;\" title=\"kreidefelsen\" src=\"http:\/\/www.ruegen-birkenhof.de\/wp\/wp-content\/uploads\/2009\/11\/kreidefelsen-150x150.jpg\" alt=\"kreidefelsen\" width=\"135\" height=\"135\" \/><\/a> <a href=\"http:\/\/www.ruegen-birkenhof.de\/wp\/wp-content\/uploads\/2009\/11\/kreidefelsen1.jpg\"><img loading=\"lazy\" decoding=\"async\" class=\"alignnone size-thumbnail wp-image-459\" style=\"border: 1px solid #009900; margin-left: 3px; margin-right: 3px;\" title=\"kreidefelsen1\" src=\"http:\/\/www.ruegen-birkenhof.de\/wp\/wp-content\/uploads\/2009\/11\/kreidefelsen1-150x150.jpg\" alt=\"kreidefelsen1\" width=\"135\" height=\"135\" \/><\/a> <a href=\"http:\/\/www.ruegen-birkenhof.de\/wp\/wp-content\/uploads\/2009\/11\/kreidefelsen2.jpg\"><img loading=\"lazy\" decoding=\"async\" class=\"alignnone size-thumbnail wp-image-460\" style=\"border: 1px solid #009900; margin-left: 3px; margin-right: 3px;\" title=\"kreidefelsen2\" src=\"http:\/\/www.ruegen-birkenhof.de\/wp\/wp-content\/uploads\/2009\/11\/kreidefelsen2-150x150.jpg\" alt=\"kreidefelsen2\" width=\"135\" height=\"135\" \/><\/a><\/li>\n<li> Hochseeangeln mit einem R\u00fcgener Fischkutter, wer wird Angelk\u00f6nig?<br \/>\n<a href=\"http:\/\/www.ruegen-birkenhof.de\/wp\/wp-content\/uploads\/2009\/11\/fischer.jpg\"><img loading=\"lazy\" decoding=\"async\" class=\"alignnone size-thumbnail wp-image-462\" style=\"border: 1px solid #009900; margin-left: 3px; margin-right: 3px;\" title=\"fischer\" src=\"http:\/\/www.ruegen-birkenhof.de\/wp\/wp-content\/uploads\/2009\/11\/fischer-150x150.jpg\" alt=\"fischer\" width=\"135\" height=\"135\" \/><\/a><\/li>\n<li> Erlebnisfahrt mit der unserer nostalgischen Dampfeisenbahn &#8222;Rasender Roland&#8220;<br \/>\n<a href=\"http:\/\/www.ruegen-birkenhof.de\/wp\/wp-content\/uploads\/2009\/11\/rasender-roland.jpg\"><img loading=\"lazy\" decoding=\"async\" class=\"alignnone size-thumbnail wp-image-463\" style=\"border: 1px solid #009900; margin-left: 3px; margin-right: 3px;\" title=\"rasender-roland\" src=\"http:\/\/www.ruegen-birkenhof.de\/wp\/wp-content\/uploads\/2009\/11\/rasender-roland-150x150.jpg\" alt=\"rasender-roland\" width=\"135\" height=\"135\" \/><\/a> <a href=\"http:\/\/www.ruegen-birkenhof.de\/wp\/wp-content\/uploads\/2009\/11\/rasender-roland1.jpg\"><img loading=\"lazy\" decoding=\"async\" class=\"alignnone size-thumbnail wp-image-464\" style=\"border: 1px solid #009900; margin-left: 3px; margin-right: 3px;\" title=\"rasender-roland1\" src=\"http:\/\/www.ruegen-birkenhof.de\/wp\/wp-content\/uploads\/2009\/11\/rasender-roland1-150x150.jpg\" alt=\"rasender-roland1\" width=\"135\" height=\"135\" \/><\/a> <a href=\"http:\/\/www.ruegen-birkenhof.de\/wp\/wp-content\/uploads\/2009\/11\/rasender-roland2.jpg\"><img loading=\"lazy\" decoding=\"async\" class=\"alignnone size-thumbnail wp-image-465\" style=\"border: 1px solid #009900; margin-left: 3px; margin-right: 3px;\" title=\"rasender-roland2\" src=\"http:\/\/www.ruegen-birkenhof.de\/wp\/wp-content\/uploads\/2009\/11\/rasender-roland2-150x150.jpg\" alt=\"rasender-roland2\" width=\"135\" height=\"135\" \/><\/a><\/li>\n<li> Erlebnisreiche Sturmwanderung am Kap Arkona mit anschlie\u00dfendem Besuch auf dem Gutshof Puttgarten<br \/>\n<a href=\"http:\/\/www.ruegen-birkenhof.de\/wp\/wp-content\/uploads\/2009\/11\/kaparcona3.jpg\"><img loading=\"lazy\" decoding=\"async\" class=\"alignnone size-thumbnail wp-image-467\" style=\"border: 1px solid #009900; margin-left: 3px; margin-right: 3px;\" title=\"kaparcona3\" src=\"http:\/\/www.ruegen-birkenhof.de\/wp\/wp-content\/uploads\/2009\/11\/kaparcona3-150x150.jpg\" alt=\"kaparcona3\" width=\"135\" height=\"135\" \/><\/a> <a href=\"http:\/\/www.ruegen-birkenhof.de\/wp\/wp-content\/uploads\/2009\/11\/kaparcona4.jpg\"><img loading=\"lazy\" decoding=\"async\" class=\"alignnone size-thumbnail wp-image-468\" style=\"border: 1px solid #009900; margin-left: 3px; margin-right: 3px;\" title=\"kaparcona4\" src=\"http:\/\/www.ruegen-birkenhof.de\/wp\/wp-content\/uploads\/2009\/11\/kaparcona4-150x150.jpg\" alt=\"kaparcona4\" width=\"135\" height=\"135\" \/><\/a> <a href=\"http:\/\/www.ruegen-birkenhof.de\/wp\/wp-content\/uploads\/2009\/11\/kaparcona5.jpg\"><img loading=\"lazy\" decoding=\"async\" class=\"alignnone size-thumbnail wp-image-469\" style=\"border: 1px solid #009900; margin-left: 3px; margin-right: 3px;\" title=\"kaparcona5\" src=\"http:\/\/www.ruegen-birkenhof.de\/wp\/wp-content\/uploads\/2009\/11\/kaparcona5-150x150.jpg\" alt=\"kaparcona5\" width=\"135\" height=\"135\" \/><\/a><\/li>\n<li> Besuch der St\u00f6rtebekerfestspiele, dass sommerliche Open Air- Theaterspektakel auf R\u00fcgen<br \/>\n<a href=\"http:\/\/www.ruegen-birkenhof.de\/wp\/wp-content\/uploads\/2009\/11\/stoertebeker2009.jpg\"><img loading=\"lazy\" decoding=\"async\" class=\"alignnone size-thumbnail wp-image-471\" style=\"border: 1px solid #009900; margin-left: 3px; margin-right: 3px;\" title=\"stoertebeker2009\" src=\"http:\/\/www.ruegen-birkenhof.de\/wp\/wp-content\/uploads\/2009\/11\/stoertebeker2009-150x150.jpg\" alt=\"stoertebeker2009\" width=\"135\" height=\"135\" \/><\/a> <a href=\"http:\/\/www.ruegen-birkenhof.de\/wp\/wp-content\/uploads\/2009\/11\/stoertebeker-2009.jpg\"><img loading=\"lazy\" decoding=\"async\" class=\"alignnone size-thumbnail wp-image-472\" style=\"border: 1px solid #009900; margin-left: 3px; margin-right: 3px;\" title=\"stoertebeker-2009\" src=\"http:\/\/www.ruegen-birkenhof.de\/wp\/wp-content\/uploads\/2009\/11\/stoertebeker-2009-150x150.jpg\" alt=\"stoertebeker-2009\" width=\"135\" height=\"135\" \/><\/a> <a href=\"http:\/\/www.ruegen-birkenhof.de\/wp\/wp-content\/uploads\/2009\/11\/klausstoertebeker.jpg\"><img loading=\"lazy\" decoding=\"async\" class=\"alignnone size-thumbnail wp-image-474\" style=\"border: 1px solid #009900; margin-left: 3px; margin-right: 3px;\" title=\"klausstoertebeker\" src=\"http:\/\/www.ruegen-birkenhof.de\/wp\/wp-content\/uploads\/2009\/11\/klausstoertebeker-150x150.jpg\" alt=\"klausstoertebeker\" width=\"135\" height=\"135\" \/><\/a><\/li>\n<li> eine historische Schulstunde in der alten M\u00f6nchguter Dorfschule Middelhagen<\/li>\n<li> Tagesausflug auf die K\u00fcnstlerinsel Hiddensee<br \/>\n<a href=\"http:\/\/www.ruegen-birkenhof.de\/wp\/wp-content\/uploads\/2009\/11\/hiddensee_3.jpg\"><img loading=\"lazy\" decoding=\"async\" class=\"alignnone size-thumbnail wp-image-484\" style=\"border: 1px solid #009900; margin-left: 3px; margin-right: 3px;\" title=\"hiddensee_3\" src=\"http:\/\/www.ruegen-birkenhof.de\/wp\/wp-content\/uploads\/2009\/11\/hiddensee_3-150x150.jpg\" alt=\"hiddensee_3\" width=\"135\" height=\"135\" \/><\/a> <a href=\"http:\/\/www.ruegen-birkenhof.de\/wp\/wp-content\/uploads\/2009\/11\/hiddensee_8.jpg\"><img loading=\"lazy\" decoding=\"async\" class=\"alignnone size-thumbnail wp-image-485\" style=\"border: 1px solid #009900; margin-left: 3px; margin-right: 3px;\" title=\"hiddensee_8\" src=\"http:\/\/www.ruegen-birkenhof.de\/wp\/wp-content\/uploads\/2009\/11\/hiddensee_8-150x150.jpg\" alt=\"hiddensee_8\" width=\"135\" height=\"135\" \/><\/a> <a href=\"http:\/\/www.ruegen-birkenhof.de\/wp\/wp-content\/uploads\/2009\/11\/hiddensee_9.jpg\"><img loading=\"lazy\" decoding=\"async\" class=\"alignnone size-thumbnail wp-image-486\" style=\"border: 1px solid #009900; margin-left: 3px; margin-right: 3px;\" title=\"hiddensee_9\" src=\"http:\/\/www.ruegen-birkenhof.de\/wp\/wp-content\/uploads\/2009\/11\/hiddensee_9-150x150.jpg\" alt=\"hiddensee_9\" width=\"135\" height=\"135\" \/><\/a><\/li>\n<li> Golfspiel f\u00fcr alle, Spa\u00dfturnier auf dem Golfplatz Karnitz<\/li>\n<li> Seekajak-Expedition in die R\u00fcgener K\u00fcstengew\u00e4sser<\/li>\n<li> Besuch im Nationalparkzentrum Jasmund mit der Kreidek\u00fcste, Multivisionsschau und Besuch am K\u00f6nigsstuhl<br \/>\n<a href=\"http:\/\/www.ruegen-birkenhof.de\/wp\/wp-content\/uploads\/2009\/11\/koenigsstuhl.jpg\"><img loading=\"lazy\" decoding=\"async\" class=\"alignnone size-thumbnail wp-image-482\" style=\"border: 1px solid #009900; margin-left: 3px; margin-right: 3px;\" title=\"koenigsstuhl\" src=\"http:\/\/www.ruegen-birkenhof.de\/wp\/wp-content\/uploads\/2009\/11\/koenigsstuhl-150x150.jpg\" alt=\"koenigsstuhl\" width=\"135\" height=\"135\" \/><\/a> <a href=\"http:\/\/www.ruegen-birkenhof.de\/wp\/wp-content\/uploads\/2009\/11\/koenigsstuhl1.jpg\"><img loading=\"lazy\" decoding=\"async\" class=\"alignnone size-thumbnail wp-image-483\" style=\"border: 1px solid #009900; margin-left: 3px; margin-right: 3px;\" title=\"koenigsstuhl1\" src=\"http:\/\/www.ruegen-birkenhof.de\/wp\/wp-content\/uploads\/2009\/11\/koenigsstuhl1-150x150.jpg\" alt=\"koenigsstuhl1\" width=\"135\" height=\"135\" \/><\/a><a href=\"http:\/\/www.ruegen-birkenhof.de\/wp\/wp-content\/uploads\/2009\/11\/kreidefelsen10.jpg\"><img loading=\"lazy\" decoding=\"async\" class=\"size-thumbnail wp-image-527 alignnone\" style=\"border: 1px solid #009900; margin-left: 3px; margin-right: 3px;\" title=\"kreidefelsen10\" src=\"http:\/\/www.ruegen-birkenhof.de\/wp\/wp-content\/uploads\/2009\/11\/kreidefelsen10-150x150.jpg\" alt=\"kreidefelsen10\" width=\"135\" height=\"135\" \/><\/a><\/li>\n<li> F\u00fchrung durch das historische KDF-Bad in Prora bei Binz<br \/>\n<a href=\"http:\/\/www.ruegen-birkenhof.de\/wp\/wp-content\/uploads\/2009\/11\/prora.jpg\"><img loading=\"lazy\" decoding=\"async\" class=\"alignnone size-thumbnail wp-image-477\" style=\"border: 1px solid #009900; margin-left: 3px; margin-right: 3px;\" title=\"prora\" src=\"http:\/\/www.ruegen-birkenhof.de\/wp\/wp-content\/uploads\/2009\/11\/prora-150x150.jpg\" alt=\"prora\" width=\"135\" height=\"135\" \/><\/a> <a href=\"http:\/\/www.ruegen-birkenhof.de\/wp\/wp-content\/uploads\/2009\/11\/prora2.jpg\"><img loading=\"lazy\" decoding=\"async\" class=\"alignnone size-thumbnail wp-image-478\" style=\"border: 1px solid #009900; margin-left: 3px; margin-right: 3px;\" title=\"prora2\" src=\"http:\/\/www.ruegen-birkenhof.de\/wp\/wp-content\/uploads\/2009\/11\/prora2-150x150.jpg\" alt=\"prora2\" width=\"135\" height=\"135\" \/><\/a> <a href=\"http:\/\/www.ruegen-birkenhof.de\/wp\/wp-content\/uploads\/2009\/11\/prora3.jpg\"><img loading=\"lazy\" decoding=\"async\" class=\"alignnone size-thumbnail wp-image-479\" style=\"border: 1px solid #009900; margin-left: 3px; margin-right: 3px;\" title=\"prora3\" src=\"http:\/\/www.ruegen-birkenhof.de\/wp\/wp-content\/uploads\/2009\/11\/prora3-150x150.jpg\" alt=\"prora3\" width=\"135\" height=\"135\" \/><\/a><\/li>\n<li> Wanderung zu den beeindruckenden Feuersteinfelder bei Mukran<br \/>\n<a href=\"http:\/\/www.ruegen-birkenhof.de\/wp\/wp-content\/uploads\/2009\/11\/feuerstein-1.jpg\"><img loading=\"lazy\" decoding=\"async\" class=\"alignnone size-thumbnail wp-image-529\" style=\"border: 1px solid #009900; margin-left: 6px; margin-right: 6px;\" title=\"feuerstein-1\" src=\"http:\/\/www.ruegen-birkenhof.de\/wp\/wp-content\/uploads\/2009\/11\/feuerstein-1-150x150.jpg\" alt=\"feuerstein-1\" width=\"135\" height=\"135\" \/><\/a><a href=\"http:\/\/www.ruegen-birkenhof.de\/wp\/wp-content\/uploads\/2009\/11\/feuerstein-2.jpg\"><img loading=\"lazy\" decoding=\"async\" class=\"alignnone size-thumbnail wp-image-530\" style=\"border: 1px solid #009900; margin-left: 6px; margin-right: 6px;\" title=\"feuerstein-2\" src=\"http:\/\/www.ruegen-birkenhof.de\/wp\/wp-content\/uploads\/2009\/11\/feuerstein-2-150x150.jpg\" alt=\"feuerstein-2\" width=\"135\" height=\"135\" \/><\/a><\/li>\n<li> Fahrt zum Jagdschloss Granitz des F\u00fcrsten Malte<br \/>\n<a href=\"http:\/\/www.ruegen-birkenhof.de\/wp\/wp-content\/uploads\/2009\/11\/jagdschloss-cranitz-treppe.jpg\"><img loading=\"lazy\" decoding=\"async\" class=\"alignnone size-thumbnail wp-image-480\" style=\"border: 1px solid #009900; margin-left: 3px; margin-right: 3px;\" title=\"jagdschloss-cranitz-treppe\" src=\"http:\/\/www.ruegen-birkenhof.de\/wp\/wp-content\/uploads\/2009\/11\/jagdschloss-cranitz-treppe-150x150.jpg\" alt=\"jagdschloss-cranitz-treppe\" width=\"135\" height=\"135\" \/><\/a> <a href=\"http:\/\/www.ruegen-birkenhof.de\/wp\/wp-content\/uploads\/2009\/11\/jagdschloss_granitz_2.jpg\"><img loading=\"lazy\" decoding=\"async\" class=\"alignnone size-thumbnail wp-image-481\" style=\"border: 1px solid #009900; margin-left: 3px; margin-right: 3px;\" title=\"jagdschloss_granitz_2\" src=\"http:\/\/www.ruegen-birkenhof.de\/wp\/wp-content\/uploads\/2009\/11\/jagdschloss_granitz_2-150x150.jpg\" alt=\"jagdschloss_granitz_2\" width=\"135\" height=\"135\" \/><\/a><\/li>\n<li> Verkostung in der &#8222;R\u00fcgener Edeldestillerie&#8220;, der einzigen Edelobstbrennerei auf R\u00fcgen<\/li>\n<\/ul>\n<p style=\"text-align: center;\"><img loading=\"lazy\" decoding=\"async\" class=\"alignnone size-full wp-image-736\" title=\"linie\" src=\"http:\/\/www.ruegen-birkenhof.de\/wp\/wp-content\/uploads\/2009\/11\/linie.png\" alt=\"linie\" width=\"400\" height=\"3\" srcset=\"https:\/\/www.ruegen-birkenhof.de\/wp\/wp-content\/uploads\/2009\/11\/linie.png 400w, https:\/\/www.ruegen-birkenhof.de\/wp\/wp-content\/uploads\/2009\/11\/linie-300x2.png 300w\" sizes=\"(max-width: 400px) 100vw, 400px\" \/><\/p>\n<p style=\"text-align: center;\"><img loading=\"lazy\" decoding=\"async\" class=\"alignnone size-full wp-image-742\" title=\"bildansicht\" src=\"http:\/\/www.ruegen-birkenhof.de\/wp\/wp-content\/uploads\/2009\/11\/bildansicht.png\" alt=\"bildansicht\" width=\"277\" height=\"20\" \/><\/p>\n","protected":false},"excerpt":{"rendered":"<p>Die Insel R\u00fcgen bietet unseren G\u00e4sten ungez\u00e4hlte M\u00f6glichkeiten f\u00fcr einen unvergesslichen Aufenthalt. Sehensw\u00fcrdigkeiten, Museen, die unverbaute Natur und nat\u00fcrlich die Weite des Meeres faszinieren unsere G\u00e4ste immer wieder. Einige Beispiele haben wir f\u00fcr Sie als Anregung zusammengestellt: Kap Arkona mit<\/p>\n","protected":false},"author":1,"featured_media":0,"parent":0,"menu_order":600,"comment_status":"closed","ping_status":"open","template":"","meta":{"ngg_post_thumbnail":0,"footnotes":""},"_links":{"self":[{"href":"https:\/\/www.ruegen-birkenhof.de\/index.php?rest_route=\/wp\/v2\/pages\/77"}],"collection":[{"href":"https:\/\/www.ruegen-birkenhof.de\/index.php?rest_route=\/wp\/v2\/pages"}],"about":[{"href":"https:\/\/www.ruegen-birkenhof.de\/index.php?rest_route=\/wp\/v2\/types\/page"}],"author":[{"embeddable":true,"href":"https:\/\/www.ruegen-birkenhof.de\/index.php?rest_route=\/wp\/v2\/users\/1"}],"replies":[{"embeddable":true,"href":"https:\/\/www.ruegen-birkenhof.de\/index.php?rest_route=%2Fwp%2Fv2%2Fcomments&post=77"}],"version-history":[{"count":0,"href":"https:\/\/www.ruegen-birkenhof.de\/index.php?rest_route=\/wp\/v2\/pages\/77\/revisions"}],"wp:attachment":[{"href":"https:\/\/www.ruegen-birkenhof.de\/index.php?rest_route=%2Fwp%2Fv2%2Fmedia&parent=77"}],"curies":[{"name":"wp","href":"https:\/\/api.w.org\/{rel}","templated":true}]}}