{"id":84,"date":"2009-11-02T21:22:20","date_gmt":"2009-11-02T21:22:20","guid":{"rendered":"http:\/\/www.ruegen-birkenhof.de\/wp\/?page_id=84"},"modified":"2019-03-03T16:21:03","modified_gmt":"2019-03-03T15:21:03","slug":"unser-wetter","status":"publish","type":"page","link":"https:\/\/www.ruegen-birkenhof.de\/?page_id=84","title":{"rendered":"Unser Wetter"},"content":{"rendered":"<p style=\"text-align: justify;\">F\u00fcr Urlauber und damit alle R\u00fcgenbesucher, ist\u00a0das Wetter sehr wichtig. Oft werden wir von buchenden G\u00e4sten gefragt, wie den das Wetter zu bestimmten Jahreszeiten ist. Nat\u00fcrlich k\u00f6nnen wir das nicht vorhersagen, aber R\u00fcgen ist die Sonneninsel Deutschlands. Laut Wetterstatistik wurden in den letzten Jahren die meisten Sonnenstunden in Deutschland (genau 2.024) auf R\u00fcgen registriert und was den Regen betrifft, da z\u00e4hlt die Insel eher zu den niederschlagsarmen Gebieten in Deutschland.<\/p>\n<div id=\"cont_2c8d8ad90b667b9e798ebf8c33f4aeac\"><script type=\"text\/javascript\" async src=\"https:\/\/www.daswetter.com\/wid_loader\/2c8d8ad90b667b9e798ebf8c33f4aeac\"><\/script><\/div>\n","protected":false},"excerpt":{"rendered":"<p>F\u00fcr Urlauber und damit alle R\u00fcgenbesucher, ist\u00a0das Wetter sehr wichtig. Oft werden wir von buchenden G\u00e4sten gefragt, wie den das Wetter zu bestimmten Jahreszeiten ist. Nat\u00fcrlich k\u00f6nnen wir das nicht vorhersagen, aber R\u00fcgen ist die Sonneninsel Deutschlands. Laut Wetterstatistik wurden<\/p>\n","protected":false},"author":1,"featured_media":0,"parent":0,"menu_order":800,"comment_status":"closed","ping_status":"open","template":"","meta":{"ngg_post_thumbnail":0,"footnotes":""},"_links":{"self":[{"href":"https:\/\/www.ruegen-birkenhof.de\/index.php?rest_route=\/wp\/v2\/pages\/84"}],"collection":[{"href":"https:\/\/www.ruegen-birkenhof.de\/index.php?rest_route=\/wp\/v2\/pages"}],"about":[{"href":"https:\/\/www.ruegen-birkenhof.de\/index.php?rest_route=\/wp\/v2\/types\/page"}],"author":[{"embeddable":true,"href":"https:\/\/www.ruegen-birkenhof.de\/index.php?rest_route=\/wp\/v2\/users\/1"}],"replies":[{"embeddable":true,"href":"https:\/\/www.ruegen-birkenhof.de\/index.php?rest_route=%2Fwp%2Fv2%2Fcomments&post=84"}],"version-history":[{"count":2,"href":"https:\/\/www.ruegen-birkenhof.de\/index.php?rest_route=\/wp\/v2\/pages\/84\/revisions"}],"predecessor-version":[{"id":2939,"href":"https:\/\/www.ruegen-birkenhof.de\/index.php?rest_route=\/wp\/v2\/pages\/84\/revisions\/2939"}],"wp:attachment":[{"href":"https:\/\/www.ruegen-birkenhof.de\/index.php?rest_route=%2Fwp%2Fv2%2Fmedia&parent=84"}],"curies":[{"name":"wp","href":"https:\/\/api.w.org\/{rel}","templated":true}]}}