{"id":852,"date":"2011-01-09T16:11:33","date_gmt":"2011-01-09T15:11:33","guid":{"rendered":"http:\/\/www.ruegen-birkenhof.de\/wp\/?page_id=852"},"modified":"2016-04-28T20:07:53","modified_gmt":"2016-04-28T18:07:53","slug":"852-2","status":"publish","type":"page","link":"https:\/\/www.ruegen-birkenhof.de\/?page_id=852","title":{"rendered":"Kontaktformular-Arrangements"},"content":{"rendered":"<p>Ihre Daten werden \u00fcber den Internetprovider 1und1 an uns weitergeleitet. Sofern keine gesetzlichen Aufbewahrungspflichten bestehen, werden Ihre Daten sofort gel\u00f6scht, sobald diese nicht mehr ben\u00f6tigt werden. Eine Nutzung zu einem anderen Zweck oder eine Datenweitergabe an Dritte findet nicht statt.<\/p>\n<p>&nbsp;<\/p>\n<form action=\"http:\/\/www.ekiwi-scripts.de\/form\/v28\/formmail.php\" enctype=\"multipart\/form-data\" method=\"post\"><input name=\"formid\" type=\"hidden\" value=\"6222734\" \/> <input name=\"settings\" type=\"hidden\" value=\"Y2Vicg==\" \/> <input name=\"redirect\" type=\"hidden\" value=\"http:\/\/www.ruegen-birkenhof.de\/wp\/?page_id=61\" \/> <input name=\"subject\" type=\"hidden\" value=\"Kontaktformular-Arrangementauswahl\" \/> <input name=\"admin\" type=\"hidden\" value=\"cXJlfnJ5V3V+ZXxyeX94cTplYnJwcnk5c3I=\" \/> <input name=\"admin1\" type=\"hidden\" value=\"ZH50f3JlYnlwZHx4eWN4V3V+ZXxyeX94cTplYnJwcnk5c3I=\" \/> <input name=\"admin2\" type=\"hidden\" \/> <input name=\"typemail\" type=\"hidden\" value=\"html\" \/> <input name=\"crypt\" type=\"hidden\" value=\"1\" \/> <input name=\"einleittext\" type=\"hidden\" \/> <input name=\"copyfields\" type=\"hidden\" value=\"-1\" \/> <input name=\"copyip\" type=\"hidden\" value=\"-1\" \/> <input name=\"settings_encoding\" type=\"hidden\" value=\"utf-8\" \/> <input name=\"ReturnToSender\" type=\"hidden\" value=\"-1\" \/><\/p>\n<table border=\"0\" width=\"500\" cellspacing=\"2\" cellpadding=\"3\" align=\"center\">\n<tbody>\n<tr>\n<td class=\"my\" align=\"right\" valign=\"top\">Anrede<\/td>\n<td class=\"my\"><input class=\"field\" name=\"FrauHerr\" type=\"radio\" value=\"Frau\" \/>Frau<input class=\"field\" name=\"frauherr\" type=\"radio\" value=\"Herr\" \/>Herr<\/td>\n<\/tr>\n<tr>\n<td class=\"my\" align=\"right\" valign=\"top\">Firma<\/td>\n<td class=\"my\"><input class=\"field\" maxlength=\"100\" name=\"firma\" size=\"20\" type=\"text\" \/><\/td>\n<\/tr>\n<tr>\n<td class=\"my\" align=\"right\" valign=\"top\">Name*<\/td>\n<td class=\"my\"><input class=\"field\" maxlength=\"200\" name=\"name\" size=\"20\" type=\"text\" \/><\/td>\n<\/tr>\n<tr>\n<td class=\"my\" align=\"right\" valign=\"top\">Vorname*<\/td>\n<td class=\"my\"><input class=\"field\" maxlength=\"200\" name=\"vorname\" size=\"20\" type=\"text\" \/><\/td>\n<\/tr>\n<tr>\n<td class=\"my\" align=\"right\" valign=\"top\">Stra\u00dfe\/Nr<\/td>\n<td class=\"my\"><input id=\"strasse\" class=\"field\" maxlength=\"200\" name=\"strasse\" size=\"20\" type=\"text\" \/><\/td>\n<\/tr>\n<tr>\n<td class=\"my\" align=\"right\" valign=\"top\">PLZ\/Ort<\/td>\n<td class=\"my\"><input id=\"plz\" class=\"field\" maxlength=\"200\" name=\"plz\" size=\"10\" type=\"text\" \/> <input id=\"ort\" class=\"field\" maxlength=\"200\" name=\"ort\" size=\"20\" type=\"text\" \/><\/td>\n<\/tr>\n<tr>\n<td class=\"my\" align=\"right\" valign=\"top\">Telefon*<\/td>\n<td class=\"my\"><input class=\"field\" maxlength=\"200\" name=\"Tel\" size=\"25\" type=\"text\" \/><\/td>\n<\/tr>\n<tr>\n<td class=\"my\" align=\"right\" valign=\"top\">Fax<\/td>\n<td class=\"my\"><input id=\"fax\" class=\"field\" maxlength=\"200\" name=\"fax\" size=\"20\" type=\"text\" \/><\/td>\n<\/tr>\n<tr>\n<td class=\"my\" align=\"right\" valign=\"top\">E-Mail*<\/td>\n<td class=\"my\"><input class=\"field\" maxlength=\"200\" name=\"email\" size=\"25\" type=\"text\" \/><\/td>\n<\/tr>\n<tr>\n<td class=\"my\" align=\"right\" valign=\"top\">Bitte w\u00e4hlen*<\/td>\n<td class=\"my\"><select id=\"arrangements\" name=\"arrangements\"><option>bitte w\u00e4hlen<\/option><option>Fr\u00fchingserwachen am Meer<\/option><option>Reif f\u00fcr die Insel im Fr\u00fchjahr<\/option><option>Ostern auf R\u00fcgen<\/option><option>Raps- und Mohnwochen<\/option><option>Endlich Urlaub?<\/option><option>Reif f\u00fcr die Insel im Herbst<\/option><option>Goldener Herbst<\/option><option>Silvester auf R\u00fcgen<\/option><option>Silvesterparty<\/option><\/select><\/td>\n<\/tr>\n<tr>\n<td class=\"my\" align=\"right\" valign=\"top\"><\/td>\n<td class=\"my\"><\/td>\n<\/tr>\n<tr>\n<td class=\"my\" align=\"right\" valign=\"top\">Bemerkung<\/td>\n<td class=\"my\"><textarea id=\"bemerkung\" class=\"field\" cols=\"25\" name=\"bemerkung\" rows=\"6\"><\/textarea><\/td>\n<\/tr>\n<tr>\n<td class=\"my\" align=\"right\" valign=\"top\">*Pflichtfelder<\/td>\n<td class=\"my\"><\/td>\n<\/tr>\n<tr>\n<td class=\"my\" align=\"right\" valign=\"middle\">\n<p class=\"my\">Spam-Schutz<\/p>\n<\/td>\n<td class=\"my\" valign=\"middle\">\n<table border=\"0\" width=\"100%\" cellspacing=\"0\" cellpadding=\"0\">\n<tbody>\n<tr valign=\"middle\">\n<td width=\"20%\"><input class=\"field\" maxlength=\"5\" name=\"captcha_input\" size=\"10\" type=\"text\" \/><\/td>\n<td width=\"80%\"><img decoding=\"async\" src=\"http:\/\/www.ekiwi-scripts.de\/form\/v28\/formmail.php?action=captcha&amp;id=6222734\" alt=\"captcha\" border=\"1\" \/><\/td>\n<\/tr>\n<\/tbody>\n<\/table>\n<\/td>\n<\/tr>\n<tr>\n<td colspan=\"2\"><\/td>\n<\/tr>\n<tr>\n<td colspan=\"2\"><\/td>\n<\/tr>\n<tr>\n<td style=\"text-align: center;\" colspan=\"2\"><input name=\"next\" type=\"submit\" value=\"Absenden\" \/> <input name=\"next\" type=\"reset\" value=\"Zur\u00fccksetzen\" \/> <input class=\"button\" name=\"print\" type=\"button\" value=\"Drucken\" \/><\/td>\n<\/tr>\n<\/tbody>\n<\/table>\n<\/form>\n<p><!-- DAFORMJSBEGIN --><br \/>\n<script type=\"text\/javascript\">\/\/ <![CDATA[\n\/** * Gibt den Cookie zum \u00fcbergebenen Namen zur\u00fcck, sofern vorhanden * ansonsten wird ein leerer String zur\u00fcck gegeben *\/ function GetCookie(cookie_name) { if (document.cookie.length>0)\n\t\t  {\n\t\t  cookie_start=document.cookie.indexOf(cookie_name + \"=\");\n\t\t  if (cookie_start!=-1)\n\t\t    {\n\t\t    cookie_start=cookie_start + cookie_name.length+1;\n\t\t    cookie_end=document.cookie.indexOf(\";\",cookie_start);\n\t\t    if (cookie_end==-1) cookie_end=document.cookie.length;\n\t\t    return unescape(document.cookie.substring(cookie_start,cookie_end));\n\t\t    }\n\t\t  }\n\t\treturn \"\";\n\t}\n\n\t\/**\n\t* Setzt die Cookiewerte im Formular\n\t*\/\n\tfunction SetCookieValues()\n\t{\n\n\t}\n\n\t\/**\n\t*\tLiest die Informationen aus dem Formular und speichert diese\n\t*\/\n  function SetCookies()\n  {\n\n  }\n\/\/ ]]><\/script><\/p>\n<p><script type=\"text\/javascript\">\/\/ <![CDATA[\nfunction str_replace(search, replace, subject) { return subject.split(search).join(replace); }\n\/\/ ]]><\/script><\/p>\n<p><script type=\"text\/javascript\">\/\/ <![CDATA[\nfunction chkFormular() { if(document.DAFORM.Anreisedatum.value == \"\") { alert(\"Bitte tragen Sie das Anreisedatum ein.\"); document.DAFORM.Anreisedatum.focus(); return false; } if(document.DAFORM.Abreisedatum.value == \"\") { alert(\"Bitte tragen Sie ihr vorraussichtliches Abreisedatum ein.\"); document.DAFORM.Abreisedatum.focus(); return false; } if(document.DAFORM.name.value == \"\") { alert(\"Bitte tragen Sie Ihren Namen ein\"); document.DAFORM.name.focus(); return false; } if(!document.DAFORM.email.value.match(\/^[A-Z0-9._%-]+@[A-Z0-9.-]+\\.[A-Z]{2,6}$\/i)) { alert(\"Bitte \u00fcberpr\u00fcfen Sie ob Ihre E-Mail richtig angegeben ist\"); document.DAFORM.email.focus(); return false; } return(true); }\n\/\/ ]]><\/script><\/p>\n<p><!-- DAFORMJSEND --><\/p>\n","protected":false},"excerpt":{"rendered":"<p>Ihre Daten werden \u00fcber den Internetprovider 1und1 an uns weitergeleitet. Sofern keine gesetzlichen Aufbewahrungspflichten bestehen, werden Ihre Daten sofort gel\u00f6scht, sobald diese nicht mehr ben\u00f6tigt werden. Eine Nutzung zu einem anderen Zweck oder eine Datenweitergabe an Dritte findet nicht statt.<\/p>\n","protected":false},"author":2,"featured_media":0,"parent":0,"menu_order":3950,"comment_status":"closed","ping_status":"open","template":"","meta":{"ngg_post_thumbnail":0,"footnotes":""},"_links":{"self":[{"href":"https:\/\/www.ruegen-birkenhof.de\/index.php?rest_route=\/wp\/v2\/pages\/852"}],"collection":[{"href":"https:\/\/www.ruegen-birkenhof.de\/index.php?rest_route=\/wp\/v2\/pages"}],"about":[{"href":"https:\/\/www.ruegen-birkenhof.de\/index.php?rest_route=\/wp\/v2\/types\/page"}],"author":[{"embeddable":true,"href":"https:\/\/www.ruegen-birkenhof.de\/index.php?rest_route=\/wp\/v2\/users\/2"}],"replies":[{"embeddable":true,"href":"https:\/\/www.ruegen-birkenhof.de\/index.php?rest_route=%2Fwp%2Fv2%2Fcomments&post=852"}],"version-history":[{"count":0,"href":"https:\/\/www.ruegen-birkenhof.de\/index.php?rest_route=\/wp\/v2\/pages\/852\/revisions"}],"wp:attachment":[{"href":"https:\/\/www.ruegen-birkenhof.de\/index.php?rest_route=%2Fwp%2Fv2%2Fmedia&parent=852"}],"curies":[{"name":"wp","href":"https:\/\/api.w.org\/{rel}","templated":true}]}}