{"id":86,"date":"2009-11-02T21:26:51","date_gmt":"2009-11-02T21:26:51","guid":{"rendered":"http:\/\/www.ruegen-birkenhof.de\/wp\/?page_id=86"},"modified":"2015-03-01T10:13:14","modified_gmt":"2015-03-01T09:13:14","slug":"deutschlands-groste-und-schonste-insel","status":"publish","type":"page","link":"https:\/\/www.ruegen-birkenhof.de\/?page_id=86","title":{"rendered":"Deutschlands gr\u00f6\u00dfte und sch\u00f6nste Insel!"},"content":{"rendered":"<p style=\"text-align: justify;\"><a href=\"http:\/\/www.ruegen-birkenhof.de\/wp\/wp-content\/uploads\/2009\/11\/kreidefelsen3.jpg\"><img loading=\"lazy\" decoding=\"async\" class=\"alignleft wp-image-579 size-thumbnail\" style=\"border: 1px solid #009900; margin-left: 6px; margin-right: 6px;\" title=\"kreidefelsen\" src=\"http:\/\/www.ruegen-birkenhof.de\/wp\/wp-content\/uploads\/2009\/11\/kreidefelsen3-150x150.jpg\" alt=\"kreidefelsen\" width=\"150\" height=\"150\" \/><\/a><a href=\"http:\/\/www.ruegen-birkenhof.de\/wp\/wp-content\/uploads\/2009\/11\/kreidefelsen3.jpg\"><img loading=\"lazy\" decoding=\"async\" class=\"size-thumbnail wp-image-581 alignright\" style=\"border: 1px solid #009900; margin-left: 6px; margin-right: 6px;\" title=\"fliegerberg\" src=\"http:\/\/www.ruegen-birkenhof.de\/wp\/wp-content\/uploads\/2009\/11\/fliegerberg-150x150.jpg\" alt=\"fliegerberg\" width=\"150\" height=\"150\" \/><\/a>Deutschlands gr\u00f6\u00dfte und wohl auch sch\u00f6nste Insel ist bekannt f\u00fcr Ihre weitgehend gut erhaltenen Naturlandschaften. Vom schroffen Steilufer \u00fcber sanfte Heide-H\u00fcgellandschaften bis zu wundervoll wei\u00dfen Sandstr\u00e4nden hat die Insel f\u00fcr jeden etwas zu bieten. Erleben Sie traumhafte Sonnenunterg\u00e4nge.<\/p>\n<p style=\"text-align: justify;\">Entdecken Sie eine Pflanzen- und Tierwelt wie es Sie so gut erhalten in Deutschland nur noch selten gibt. R\u00fcgen fasziniert schon seit hunderten Jahren seine Besucher. Im 17. und 18. Jahrhundert entdeckten vor allem K\u00fcnstler wie der Maler der Romantik Caspar. D. Friedrich oder der Musiker Johannes Brahms, die Insel <a href=\"http:\/\/www.ruegen-birkenhof.de\/wp\/wp-content\/uploads\/2009\/11\/havin-am-abend.jpg\"><img loading=\"lazy\" decoding=\"async\" class=\"alignright size-thumbnail wp-image-598\" style=\"border: 1px solid #009900; margin-left: 6px; margin-right: 6px;\" title=\"havin-am-abend\" src=\"http:\/\/www.ruegen-birkenhof.de\/wp\/wp-content\/uploads\/2009\/11\/havin-am-abend-150x150.jpg\" alt=\"havin-am-abend\" width=\"150\" height=\"150\" \/><\/a>f\u00fcr sich.<\/p>\n<p style=\"text-align: justify;\"><a href=\"http:\/\/www.ruegen-birkenhof.de\/wp\/wp-content\/uploads\/2009\/11\/ostseestrand-baabe.jpg\"><img loading=\"lazy\" decoding=\"async\" class=\"alignleft wp-image-583 size-thumbnail\" style=\"border: 1px solid #009900; margin-left: 6px; margin-right: 6px;\" title=\"ostseestrand-baabe\" src=\"http:\/\/www.ruegen-birkenhof.de\/wp\/wp-content\/uploads\/2009\/11\/ostseestrand-baabe-150x150.jpg\" alt=\"ostseestrand-baabe\" width=\"150\" height=\"150\" \/><\/a>Um 1900 waren es dann Besucher aus den gro\u00dfen Metropolen wie Berlin oder M\u00fcnchen, die zur Sommerfrische nach R\u00fcgen reisten. Heute kommen tausende G\u00e4ste j\u00e4hrlich\u00a0 aus ganz Deutschland und anderen L\u00e4ndern um auf dieser wundersch\u00f6nen Insel ihren Urlaub zu verleben. Was Sie bei einem Aufenthalt hier alles erleben k\u00f6nnen, ist am Besten auf der Seite <a title=\"www.ruegen.de\" href=\"http:\/\/www.ruegen.de\" target=\"_blank\">www.ruegen.de<\/a> nachzulesen. Wir w\u00fcnschen schon einmal viel Vergn\u00fcgen!<\/p>\n","protected":false},"excerpt":{"rendered":"<p>Deutschlands gr\u00f6\u00dfte und wohl auch sch\u00f6nste Insel ist bekannt f\u00fcr Ihre weitgehend gut erhaltenen Naturlandschaften. Vom schroffen Steilufer \u00fcber sanfte Heide-H\u00fcgellandschaften bis zu wundervoll wei\u00dfen Sandstr\u00e4nden hat die Insel f\u00fcr jeden etwas zu bieten. Erleben Sie traumhafte Sonnenunterg\u00e4nge. Entdecken Sie<\/p>\n","protected":false},"author":1,"featured_media":0,"parent":0,"menu_order":900,"comment_status":"closed","ping_status":"open","template":"","meta":{"ngg_post_thumbnail":0,"footnotes":""},"_links":{"self":[{"href":"https:\/\/www.ruegen-birkenhof.de\/index.php?rest_route=\/wp\/v2\/pages\/86"}],"collection":[{"href":"https:\/\/www.ruegen-birkenhof.de\/index.php?rest_route=\/wp\/v2\/pages"}],"about":[{"href":"https:\/\/www.ruegen-birkenhof.de\/index.php?rest_route=\/wp\/v2\/types\/page"}],"author":[{"embeddable":true,"href":"https:\/\/www.ruegen-birkenhof.de\/index.php?rest_route=\/wp\/v2\/users\/1"}],"replies":[{"embeddable":true,"href":"https:\/\/www.ruegen-birkenhof.de\/index.php?rest_route=%2Fwp%2Fv2%2Fcomments&post=86"}],"version-history":[{"count":0,"href":"https:\/\/www.ruegen-birkenhof.de\/index.php?rest_route=\/wp\/v2\/pages\/86\/revisions"}],"wp:attachment":[{"href":"https:\/\/www.ruegen-birkenhof.de\/index.php?rest_route=%2Fwp%2Fv2%2Fmedia&parent=86"}],"curies":[{"name":"wp","href":"https:\/\/api.w.org\/{rel}","templated":true}]}}